{"id":1256,"date":"2020-01-15T10:01:04","date_gmt":"2020-01-15T09:01:04","guid":{"rendered":"https:\/\/topos.be\/?page_id=1256"},"modified":"2020-01-15T10:52:37","modified_gmt":"2020-01-15T09:52:37","slug":"service-domiciliation-entreprise","status":"publish","type":"page","link":"https:\/\/topos.be\/fr\/service-domiciliation-entreprise\/","title":{"rendered":"Domiciliation d\u2019entreprise"},"content":{"rendered":"<h1>Tout savoir sur la domiciliation d\u2019entreprise ou \u00ab adresse commerciale \u00bb<\/h1>\n<h2>Qu\u2019est-ce qu\u2019une adresse commerciale ou un si\u00e8ge social ?<\/h2>\n<p>En Belgique, toute soci\u00e9t\u00e9 doit \u00eatre enregistr\u00e9e \u00e0 une adresse physique, nomm\u00e9e si\u00e8ge social. Cette derni\u00e8re est l\u2019unique adresse de ladite soci\u00e9t\u00e9 pour recevoir les documents officiels, mais \u00e9galement o\u00f9 doivent \u00eatre conserv\u00e9s les documents l\u00e9gaux de celle-ci. (Pi\u00e8ces comptables, livres des comptes ou des associ\u00e9s, statuts&#8230;)<\/p>\n<h2>Comment fonctionne notre service d\u2019adresses commerciales ?<\/h2>\n<p>Lorsque vous signez le contrat de domiciliation avec TOPOS, vous pouvez d\u00e8s lors utiliser l\u2019une des 5 adresses de votre choix pour communiquer au nom propre de votre entreprise.<br \/>\nPour rappel, Topos propose 5 adresses prestigieuses au sein d\u2019h\u00f4tels de ma\u00eetre au c\u0153ur de Bruxelles.<\/p>\n<ul>\n<li><a href=\"https:\/\/topos.be\/fr\/centre-affaire\/bureaux-bruxelles-congres\/\">Congr\u00e8s<\/a> : Rue du Congr\u00e8s 35 1000 Bruxelles<\/li>\n<li><a href=\"https:\/\/topos.be\/fr\/centre-affaire\/bureaux-bruxelles-central\/\">Central<\/a> : Rue de la Presse 4 1000 Bruxelles<\/li>\n<li><a href=\"https:\/\/topos.be\/fr\/centre-affaire\/bureaux-avenue-louise\/\">Louise<\/a> : Avenue Louise 367 1050 Bruxelles<\/li>\n<li><a href=\"https:\/\/topos.be\/fr\/centre-affaire\/bureaux-cinquentenaire\/\">M\u00e9rode<\/a> : Rue Abb\u00e9 Cuypers 3 1040 Bruxelles<\/li>\n<li><a href=\"https:\/\/topos.be\/fr\/centre-affaire\/bureaux-quartier-europeen\/\">Schuman<\/a> : Rue Breydel 34-40 1040 Bruxelles<\/li>\n<\/ul>\n<p>Cela devient VOTRE adresse officielle que vous pouvez utiliser aussi bien sur votre site internet que vos cartes de visite !<\/p>\n<h2>Quelles conditions devez-vous remplir pour pouvoir disposer d\u2019une domiciliation de soci\u00e9t\u00e9 en Belgique ?<\/h2>\n<p>Vous devez poss\u00e9der une soci\u00e9t\u00e9 et un num\u00e9ro de TVA.<br \/>\nCette derni\u00e8re doit-\u00eatre reprise \u00e0 la banque Carrefour des entreprises belge (BCE).<br \/>\nD\u00e8s lors nous pouvons pr\u00e9voir un contrat d\u2019une dur\u00e9e minimum de 3 mois. (Offre sp\u00e9ciale \u00e0 ne pas manquer \u2013 <a href=\"https:\/\/topos.be\/fr\/promotions\/\">Nos promotions<\/a> )<\/p>\n<h2>Que faire si vous n\u2019avez pas encore constitu\u00e9 votre soci\u00e9t\u00e9 ou n\u2019avez pas de Num\u00e9ro de TVA ?<\/h2>\n<p>Pas de panique, nous g\u00e9rons cela avec vous !<br \/>\nD\u00e8s lors que vous vous engagez \u00e0 travailler avec Topos, nous vous aidons \u00e0 lancer votre entreprise et vous permettons d\u2019utiliser les adresses Topos pour vos \u00e9changes de courriers officiels (Notaires, Banques \u2026).<br \/>\nUne fois l\u2019entreprise officiellement cr\u00e9\u00e9e, nous transformons notre devis en offre pour entamer la collaboration entre Topos et votre nouvelle soci\u00e9t\u00e9 et vous permettre ainsi de rentrer vos factures en frais de soci\u00e9t\u00e9 !<\/p>\n<h2>Ce service est-il d\u00e9di\u00e9 uniquement aux soci\u00e9t\u00e9s ?<\/h2>\n<p>Oui ! Seule une soci\u00e9t\u00e9 ou une personne morale\/ind\u00e9pendante sont autoris\u00e9es \u00e0 profiter de nos services et infrastructures. Nous n\u2019autorisons pas de domiciliation de personnes physiques.<br \/>\nTopos souhaite offrir des services irr\u00e9prochables \u00e0 ses clients, d\u2019o\u00f9 notre souhait de ne proposer nos services qu\u2019aux professionnels.<\/p>\n<h2>J\u2019ai sign\u00e9 un contrat avec Topos. Et maintenant ?<\/h2>\n<p>Nous g\u00e9rons tout pour vous ! Notre \u00e9quipe r\u00e9ceptionne vos courriers et vous les transfers suivant un moyen de communication d\u00e9termin\u00e9. Scans des courriers exp\u00e9di\u00e9s sur votre email, r\u00e9exp\u00e9dition physique du courrier \u00e0 une adresse d\u00e9termin\u00e9e, remise en main propre. Tout est possible !<br \/>\nUn appel t\u00e9l\u00e9phonique pour vous ? L\u00e0 encore nos standardistes professionnelles prennent les messages et vous les font suivre dans les plus brefs d\u00e9lais. C\u2019est totalement invisible pour vos clients et vous permet une libert\u00e9 maximale.<br \/>\nUn recommand\u00e9 \u00e0 recevoir ? L\u00e0 encore nos \u00e9quipes pourront le r\u00e9ceptionner pour vous, pour autant que vous nous ayez communiqu\u00e9 une procuration postale flexible \u00e0 usage professionnel de Bpost. Celle-ci nous donnera procuration pour une dur\u00e9e de 3 ans \u00e0 date de sa date d\u2019\u00e9mission.<\/p>\n<h2>J\u2019ai d\u00e9j\u00e0 mon si\u00e8ge social, puis-je le transf\u00e9rer chez Topos ?<\/h2>\n<p>Oui ! Vous poss\u00e9dez d\u00e9j\u00e0 une soci\u00e9t\u00e9 (Sprl, SA, SCS, \u2026) et vous souhaitez changer le si\u00e8ge social ? Rien de plus simple. Ce changement d\u2019adresse doit \u00eatre act\u00e9 dans votre proc\u00e8s-verbal d\u2019assembl\u00e9e g\u00e9n\u00e9rale et \u00eatre ensuite publi\u00e9 au Moniteur Belge, la BCE ainsi qu\u2019\u00e0 la TVA.<br \/>\nTout cela peut l\u00e0 encore \u00eatre g\u00e9r\u00e9 par nos \u00e9quipes sur simple demande. Pour plus d\u2019informations, <a href=\"https:\/\/topos.be\/fr\/contact\/\">contactez-nous<\/a><\/p>\n<p>D&rsquo;autres questions ? Contactez-nous. Par Mail, Formulaire Web ou m\u00eame What\u2019s App !<\/p>\n","protected":false},"excerpt":{"rendered":"<p>Tout savoir sur la domiciliation d\u2019entreprise ou \u00ab adresse commerciale \u00bb Qu\u2019est-ce qu\u2019une adresse commerciale ou un si\u00e8ge social ? En Belgique, toute soci\u00e9t\u00e9 doit \u00eatre enregistr\u00e9e \u00e0 une adresse physique, nomm\u00e9e si\u00e8ge social. Cette derni\u00e8re est l\u2019unique adresse de ladite soci\u00e9t\u00e9 pour recevoir les documents officiels, mais \u00e9galement o\u00f9 doivent \u00eatre conserv\u00e9s les documents&hellip;<\/p>\n","protected":false},"author":2,"featured_media":0,"parent":0,"menu_order":0,"comment_status":"closed","ping_status":"closed","template":"","meta":{"_acf_changed":false,"footnotes":""},"class_list":["post-1256","page","type-page","status-publish","hentry"],"acf":[],"yoast_head":"<!-- This site is optimized with the Yoast SEO plugin v26.2 - https:\/\/yoast.com\/wordpress\/plugins\/seo\/ -->\n<title>Domiciliation d\u2019entreprise - TOPOS<\/title>\n<meta name=\"robots\" content=\"index, follow, max-snippet:-1, max-image-preview:large, max-video-preview:-1\" \/>\n<link rel=\"canonical\" href=\"https:\/\/topos.be\/fr\/service-domiciliation-entreprise\/\" \/>\n<meta property=\"og:locale\" content=\"fr_FR\" \/>\n<meta property=\"og:type\" content=\"article\" \/>\n<meta property=\"og:title\" content=\"Domiciliation d\u2019entreprise - TOPOS\" \/>\n<meta property=\"og:description\" content=\"Tout savoir sur la domiciliation d\u2019entreprise ou \u00ab adresse commerciale \u00bb Qu\u2019est-ce qu\u2019une adresse commerciale ou un si\u00e8ge social ? En Belgique, toute soci\u00e9t\u00e9 doit \u00eatre enregistr\u00e9e \u00e0 une adresse physique, nomm\u00e9e si\u00e8ge social. Cette derni\u00e8re est l\u2019unique adresse de ladite soci\u00e9t\u00e9 pour recevoir les documents officiels, mais \u00e9galement o\u00f9 doivent \u00eatre conserv\u00e9s les documents&hellip;\" \/>\n<meta property=\"og:url\" content=\"https:\/\/topos.be\/fr\/service-domiciliation-entreprise\/\" \/>\n<meta property=\"og:site_name\" content=\"TOPOS\" \/>\n<meta property=\"article:publisher\" content=\"https:\/\/www.facebook.com\/TOPOS-221420354663261\/?fref=ts\" \/>\n<meta property=\"article:modified_time\" content=\"2020-01-15T09:52:37+00:00\" \/>\n<meta name=\"twitter:card\" content=\"summary_large_image\" \/>\n<meta name=\"twitter:site\" content=\"@ToposBe\" \/>\n<meta name=\"twitter:label1\" content=\"Dur\u00e9e de lecture estim\u00e9e\" \/>\n\t<meta name=\"twitter:data1\" content=\"3 minutes\" \/>\n<script type=\"application\/ld+json\" class=\"yoast-schema-graph\">{\"@context\":\"https:\/\/schema.org\",\"@graph\":[{\"@type\":\"WebPage\",\"@id\":\"https:\/\/topos.be\/fr\/service-domiciliation-entreprise\/\",\"url\":\"https:\/\/topos.be\/fr\/service-domiciliation-entreprise\/\",\"name\":\"Domiciliation d\u2019entreprise - TOPOS\",\"isPartOf\":{\"@id\":\"https:\/\/topos.be\/fr\/#website\"},\"datePublished\":\"2020-01-15T09:01:04+00:00\",\"dateModified\":\"2020-01-15T09:52:37+00:00\",\"breadcrumb\":{\"@id\":\"https:\/\/topos.be\/fr\/service-domiciliation-entreprise\/#breadcrumb\"},\"inLanguage\":\"fr-FR\",\"potentialAction\":[{\"@type\":\"ReadAction\",\"target\":[\"https:\/\/topos.be\/fr\/service-domiciliation-entreprise\/\"]}]},{\"@type\":\"BreadcrumbList\",\"@id\":\"https:\/\/topos.be\/fr\/service-domiciliation-entreprise\/#breadcrumb\",\"itemListElement\":[{\"@type\":\"ListItem\",\"position\":1,\"name\":\"Accueil\",\"item\":\"https:\/\/topos.be\/fr\/\"},{\"@type\":\"ListItem\",\"position\":2,\"name\":\"Domiciliation d\u2019entreprise\"}]},{\"@type\":\"WebSite\",\"@id\":\"https:\/\/topos.be\/fr\/#website\",\"url\":\"https:\/\/topos.be\/fr\/\",\"name\":\"TOPOS\",\"description\":\"Business center Bruxelles \u2013 Bureaux \u00e0 louer\",\"potentialAction\":[{\"@type\":\"SearchAction\",\"target\":{\"@type\":\"EntryPoint\",\"urlTemplate\":\"https:\/\/topos.be\/fr\/?s={search_term_string}\"},\"query-input\":{\"@type\":\"PropertyValueSpecification\",\"valueRequired\":true,\"valueName\":\"search_term_string\"}}],\"inLanguage\":\"fr-FR\"}]}<\/script>\n<!-- \/ Yoast SEO plugin. -->","yoast_head_json":{"title":"Domiciliation d\u2019entreprise - TOPOS","robots":{"index":"index","follow":"follow","max-snippet":"max-snippet:-1","max-image-preview":"max-image-preview:large","max-video-preview":"max-video-preview:-1"},"canonical":"https:\/\/topos.be\/fr\/service-domiciliation-entreprise\/","og_locale":"fr_FR","og_type":"article","og_title":"Domiciliation d\u2019entreprise - TOPOS","og_description":"Tout savoir sur la domiciliation d\u2019entreprise ou \u00ab adresse commerciale \u00bb Qu\u2019est-ce qu\u2019une adresse commerciale ou un si\u00e8ge social ? En Belgique, toute soci\u00e9t\u00e9 doit \u00eatre enregistr\u00e9e \u00e0 une adresse physique, nomm\u00e9e si\u00e8ge social. Cette derni\u00e8re est l\u2019unique adresse de ladite soci\u00e9t\u00e9 pour recevoir les documents officiels, mais \u00e9galement o\u00f9 doivent \u00eatre conserv\u00e9s les documents&hellip;","og_url":"https:\/\/topos.be\/fr\/service-domiciliation-entreprise\/","og_site_name":"TOPOS","article_publisher":"https:\/\/www.facebook.com\/TOPOS-221420354663261\/?fref=ts","article_modified_time":"2020-01-15T09:52:37+00:00","twitter_card":"summary_large_image","twitter_site":"@ToposBe","twitter_misc":{"Dur\u00e9e de lecture estim\u00e9e":"3 minutes"},"schema":{"@context":"https:\/\/schema.org","@graph":[{"@type":"WebPage","@id":"https:\/\/topos.be\/fr\/service-domiciliation-entreprise\/","url":"https:\/\/topos.be\/fr\/service-domiciliation-entreprise\/","name":"Domiciliation d\u2019entreprise - TOPOS","isPartOf":{"@id":"https:\/\/topos.be\/fr\/#website"},"datePublished":"2020-01-15T09:01:04+00:00","dateModified":"2020-01-15T09:52:37+00:00","breadcrumb":{"@id":"https:\/\/topos.be\/fr\/service-domiciliation-entreprise\/#breadcrumb"},"inLanguage":"fr-FR","potentialAction":[{"@type":"ReadAction","target":["https:\/\/topos.be\/fr\/service-domiciliation-entreprise\/"]}]},{"@type":"BreadcrumbList","@id":"https:\/\/topos.be\/fr\/service-domiciliation-entreprise\/#breadcrumb","itemListElement":[{"@type":"ListItem","position":1,"name":"Accueil","item":"https:\/\/topos.be\/fr\/"},{"@type":"ListItem","position":2,"name":"Domiciliation d\u2019entreprise"}]},{"@type":"WebSite","@id":"https:\/\/topos.be\/fr\/#website","url":"https:\/\/topos.be\/fr\/","name":"TOPOS","description":"Business center Bruxelles \u2013 Bureaux \u00e0 louer","potentialAction":[{"@type":"SearchAction","target":{"@type":"EntryPoint","urlTemplate":"https:\/\/topos.be\/fr\/?s={search_term_string}"},"query-input":{"@type":"PropertyValueSpecification","valueRequired":true,"valueName":"search_term_string"}}],"inLanguage":"fr-FR"}]}},"_links":{"self":[{"href":"https:\/\/topos.be\/fr\/wp-json\/wp\/v2\/pages\/1256","targetHints":{"allow":["GET"]}}],"collection":[{"href":"https:\/\/topos.be\/fr\/wp-json\/wp\/v2\/pages"}],"about":[{"href":"https:\/\/topos.be\/fr\/wp-json\/wp\/v2\/types\/page"}],"author":[{"embeddable":true,"href":"https:\/\/topos.be\/fr\/wp-json\/wp\/v2\/users\/2"}],"replies":[{"embeddable":true,"href":"https:\/\/topos.be\/fr\/wp-json\/wp\/v2\/comments?post=1256"}],"version-history":[{"count":0,"href":"https:\/\/topos.be\/fr\/wp-json\/wp\/v2\/pages\/1256\/revisions"}],"wp:attachment":[{"href":"https:\/\/topos.be\/fr\/wp-json\/wp\/v2\/media?parent=1256"}],"curies":[{"name":"wp","href":"https:\/\/api.w.org\/{rel}","templated":true}]}}