{"id":131,"date":"2019-07-26T12:43:47","date_gmt":"2019-07-26T10:43:47","guid":{"rendered":"https:\/\/topos.be\/?page_id=131"},"modified":"2022-08-16T13:29:15","modified_gmt":"2022-08-16T11:29:15","slug":"bureaux-bruxelles","status":"publish","type":"page","link":"https:\/\/topos.be\/fr\/bureaux-bruxelles\/","title":{"rendered":"4 centres d&rsquo;affaires \u00e0 Bruxelles"},"content":{"rendered":"\n<p>TOPOS vous propose 4 maisons de ma\u00eetre majestueuses au c\u0153ur de la capitale belge, Bruxelles. Vous y trouverez des services de\u00a0domiciliation commerciale, de\u00a0bureau virtuel, des\u00a0espaces de coworking, des\u00a0bureaux individuels \u00e9quip\u00e9s\u00a0et de<a href=\"https:\/\/topos.be\/fr\/service\/salle-de-reunion\/\">\u00a0splendides salles de r\u00e9union<\/a>.<\/p>\n","protected":false},"excerpt":{"rendered":"<p>TOPOS vous propose 4 maisons de ma\u00eetre majestueuses au c\u0153ur de la capitale belge, Bruxelles. Vous y trouverez des services de\u00a0domiciliation commerciale, de\u00a0bureau virtuel, des\u00a0espaces de coworking, des\u00a0bureaux individuels \u00e9quip\u00e9s\u00a0et de\u00a0splendides salles de r\u00e9union.<\/p>\n","protected":false},"author":1,"featured_media":0,"parent":0,"menu_order":1,"comment_status":"closed","ping_status":"closed","template":"page-centres.php","meta":{"_acf_changed":false,"footnotes":""},"class_list":["post-131","page","type-page","status-publish","hentry"],"acf":[],"yoast_head":"<!-- This site is optimized with the Yoast SEO plugin v26.2 - https:\/\/yoast.com\/wordpress\/plugins\/seo\/ -->\n<title>Centres d&#039;affaires \u00e0 Bruxelles - Bureaux - Coworking - TOPOS<\/title>\n<meta name=\"description\" content=\"Louez un bureau \u00e0 Bruxelles : d\u00e9couvrez les bureaux priv\u00e9s \u00e9quip\u00e9s modernes et les bureaux partag\u00e9s sur 4 sites strat\u00e9giques \u00e0 Bruxelles.\" \/>\n<meta name=\"robots\" content=\"index, follow, max-snippet:-1, max-image-preview:large, max-video-preview:-1\" \/>\n<link rel=\"canonical\" href=\"https:\/\/topos.be\/fr\/bureaux-bruxelles\/\" \/>\n<meta property=\"og:locale\" content=\"fr_FR\" \/>\n<meta property=\"og:type\" content=\"article\" \/>\n<meta property=\"og:title\" content=\"Centres d&#039;affaires \u00e0 Bruxelles - Bureaux - Coworking - TOPOS\" \/>\n<meta property=\"og:description\" content=\"Louez un bureau \u00e0 Bruxelles : d\u00e9couvrez les bureaux priv\u00e9s \u00e9quip\u00e9s modernes et les bureaux partag\u00e9s sur 4 sites strat\u00e9giques \u00e0 Bruxelles.\" \/>\n<meta property=\"og:url\" content=\"https:\/\/topos.be\/fr\/bureaux-bruxelles\/\" \/>\n<meta property=\"og:site_name\" content=\"TOPOS\" \/>\n<meta property=\"article:publisher\" content=\"https:\/\/www.facebook.com\/TOPOS-221420354663261\/?fref=ts\" \/>\n<meta property=\"article:modified_time\" content=\"2022-08-16T11:29:15+00:00\" \/>\n<meta name=\"twitter:card\" content=\"summary_large_image\" \/>\n<meta name=\"twitter:site\" content=\"@ToposBe\" \/>\n<meta name=\"twitter:label1\" content=\"Dur\u00e9e de lecture estim\u00e9e\" \/>\n\t<meta name=\"twitter:data1\" content=\"1 minute\" \/>\n<script type=\"application\/ld+json\" class=\"yoast-schema-graph\">{\"@context\":\"https:\/\/schema.org\",\"@graph\":[{\"@type\":\"WebPage\",\"@id\":\"https:\/\/topos.be\/fr\/bureaux-bruxelles\/\",\"url\":\"https:\/\/topos.be\/fr\/bureaux-bruxelles\/\",\"name\":\"Centres d'affaires \u00e0 Bruxelles - Bureaux - Coworking - TOPOS\",\"isPartOf\":{\"@id\":\"https:\/\/topos.be\/fr\/#website\"},\"datePublished\":\"2019-07-26T10:43:47+00:00\",\"dateModified\":\"2022-08-16T11:29:15+00:00\",\"description\":\"Louez un bureau \u00e0 Bruxelles : d\u00e9couvrez les bureaux priv\u00e9s \u00e9quip\u00e9s modernes et les bureaux partag\u00e9s sur 4 sites strat\u00e9giques \u00e0 Bruxelles.\",\"breadcrumb\":{\"@id\":\"https:\/\/topos.be\/fr\/bureaux-bruxelles\/#breadcrumb\"},\"inLanguage\":\"fr-FR\",\"potentialAction\":[{\"@type\":\"ReadAction\",\"target\":[\"https:\/\/topos.be\/fr\/bureaux-bruxelles\/\"]}]},{\"@type\":\"BreadcrumbList\",\"@id\":\"https:\/\/topos.be\/fr\/bureaux-bruxelles\/#breadcrumb\",\"itemListElement\":[{\"@type\":\"ListItem\",\"position\":1,\"name\":\"Accueil\",\"item\":\"https:\/\/topos.be\/fr\/\"},{\"@type\":\"ListItem\",\"position\":2,\"name\":\"4 centres d&rsquo;affaires \u00e0 Bruxelles\"}]},{\"@type\":\"WebSite\",\"@id\":\"https:\/\/topos.be\/fr\/#website\",\"url\":\"https:\/\/topos.be\/fr\/\",\"name\":\"TOPOS\",\"description\":\"Business center Bruxelles \u2013 Bureaux \u00e0 louer\",\"potentialAction\":[{\"@type\":\"SearchAction\",\"target\":{\"@type\":\"EntryPoint\",\"urlTemplate\":\"https:\/\/topos.be\/fr\/?s={search_term_string}\"},\"query-input\":{\"@type\":\"PropertyValueSpecification\",\"valueRequired\":true,\"valueName\":\"search_term_string\"}}],\"inLanguage\":\"fr-FR\"}]}<\/script>\n<!-- \/ Yoast SEO plugin. -->","yoast_head_json":{"title":"Centres d'affaires \u00e0 Bruxelles - Bureaux - Coworking - TOPOS","description":"Louez un bureau \u00e0 Bruxelles : d\u00e9couvrez les bureaux priv\u00e9s \u00e9quip\u00e9s modernes et les bureaux partag\u00e9s sur 4 sites strat\u00e9giques \u00e0 Bruxelles.","robots":{"index":"index","follow":"follow","max-snippet":"max-snippet:-1","max-image-preview":"max-image-preview:large","max-video-preview":"max-video-preview:-1"},"canonical":"https:\/\/topos.be\/fr\/bureaux-bruxelles\/","og_locale":"fr_FR","og_type":"article","og_title":"Centres d'affaires \u00e0 Bruxelles - Bureaux - Coworking - TOPOS","og_description":"Louez un bureau \u00e0 Bruxelles : d\u00e9couvrez les bureaux priv\u00e9s \u00e9quip\u00e9s modernes et les bureaux partag\u00e9s sur 4 sites strat\u00e9giques \u00e0 Bruxelles.","og_url":"https:\/\/topos.be\/fr\/bureaux-bruxelles\/","og_site_name":"TOPOS","article_publisher":"https:\/\/www.facebook.com\/TOPOS-221420354663261\/?fref=ts","article_modified_time":"2022-08-16T11:29:15+00:00","twitter_card":"summary_large_image","twitter_site":"@ToposBe","twitter_misc":{"Dur\u00e9e de lecture estim\u00e9e":"1 minute"},"schema":{"@context":"https:\/\/schema.org","@graph":[{"@type":"WebPage","@id":"https:\/\/topos.be\/fr\/bureaux-bruxelles\/","url":"https:\/\/topos.be\/fr\/bureaux-bruxelles\/","name":"Centres d'affaires \u00e0 Bruxelles - Bureaux - Coworking - TOPOS","isPartOf":{"@id":"https:\/\/topos.be\/fr\/#website"},"datePublished":"2019-07-26T10:43:47+00:00","dateModified":"2022-08-16T11:29:15+00:00","description":"Louez un bureau \u00e0 Bruxelles : d\u00e9couvrez les bureaux priv\u00e9s \u00e9quip\u00e9s modernes et les bureaux partag\u00e9s sur 4 sites strat\u00e9giques \u00e0 Bruxelles.","breadcrumb":{"@id":"https:\/\/topos.be\/fr\/bureaux-bruxelles\/#breadcrumb"},"inLanguage":"fr-FR","potentialAction":[{"@type":"ReadAction","target":["https:\/\/topos.be\/fr\/bureaux-bruxelles\/"]}]},{"@type":"BreadcrumbList","@id":"https:\/\/topos.be\/fr\/bureaux-bruxelles\/#breadcrumb","itemListElement":[{"@type":"ListItem","position":1,"name":"Accueil","item":"https:\/\/topos.be\/fr\/"},{"@type":"ListItem","position":2,"name":"4 centres d&rsquo;affaires \u00e0 Bruxelles"}]},{"@type":"WebSite","@id":"https:\/\/topos.be\/fr\/#website","url":"https:\/\/topos.be\/fr\/","name":"TOPOS","description":"Business center Bruxelles \u2013 Bureaux \u00e0 louer","potentialAction":[{"@type":"SearchAction","target":{"@type":"EntryPoint","urlTemplate":"https:\/\/topos.be\/fr\/?s={search_term_string}"},"query-input":{"@type":"PropertyValueSpecification","valueRequired":true,"valueName":"search_term_string"}}],"inLanguage":"fr-FR"}]}},"_links":{"self":[{"href":"https:\/\/topos.be\/fr\/wp-json\/wp\/v2\/pages\/131","targetHints":{"allow":["GET"]}}],"collection":[{"href":"https:\/\/topos.be\/fr\/wp-json\/wp\/v2\/pages"}],"about":[{"href":"https:\/\/topos.be\/fr\/wp-json\/wp\/v2\/types\/page"}],"author":[{"embeddable":true,"href":"https:\/\/topos.be\/fr\/wp-json\/wp\/v2\/users\/1"}],"replies":[{"embeddable":true,"href":"https:\/\/topos.be\/fr\/wp-json\/wp\/v2\/comments?post=131"}],"version-history":[{"count":0,"href":"https:\/\/topos.be\/fr\/wp-json\/wp\/v2\/pages\/131\/revisions"}],"wp:attachment":[{"href":"https:\/\/topos.be\/fr\/wp-json\/wp\/v2\/media?parent=131"}],"curies":[{"name":"wp","href":"https:\/\/api.w.org\/{rel}","templated":true}]}}