{"id":15,"date":"2019-07-24T09:54:47","date_gmt":"2019-07-24T07:54:47","guid":{"rendered":"https:\/\/topos.be\/?page_id=15"},"modified":"2019-08-30T21:53:53","modified_gmt":"2019-08-30T19:53:53","slug":"bureau-sur-mesure","status":"publish","type":"page","link":"https:\/\/topos.be\/fr\/coworking-bruxelles\/bureau-sur-mesure\/","title":{"rendered":"Un bureau sur mesure pour votre entreprise"},"content":{"rendered":"\n<p>Un espace de coworking, un bureau temporaire pour une journ\u00e9e ou un bureau individuel permanent ? Tout est possible dans les\u00a0centres d\u2019affaires TOPOS \u00e0 Bruxelles. Choisissez votre formule et b\u00e9n\u00e9ficiez d&rsquo;un service sur-mesure adapt\u00e9 \u00e0 vos besoins, dans un cadre \u00e0 la fois luxueux et d\u00e9contract\u00e9.<\/p>\n","protected":false},"excerpt":{"rendered":"<p>Un espace de coworking, un bureau temporaire pour une journ\u00e9e ou un bureau individuel permanent ? Tout est possible dans les\u00a0centres d\u2019affaires TOPOS \u00e0 Bruxelles. Choisissez votre formule et b\u00e9n\u00e9ficiez d&rsquo;un service sur-mesure adapt\u00e9 \u00e0 vos besoins, dans un cadre \u00e0 la fois luxueux et d\u00e9contract\u00e9.<\/p>\n","protected":false},"author":1,"featured_media":0,"parent":68,"menu_order":1,"comment_status":"closed","ping_status":"closed","template":"","meta":{"_acf_changed":false,"footnotes":""},"class_list":["post-15","page","type-page","status-publish","hentry"],"acf":[],"yoast_head":"<!-- This site is optimized with the Yoast SEO plugin v27.4 - https:\/\/yoast.com\/product\/yoast-seo-wordpress\/ -->\n<title>Un bureau sur mesure pour votre entreprise - TOPOS<\/title>\n<meta name=\"robots\" content=\"index, follow, max-snippet:-1, max-image-preview:large, max-video-preview:-1\" \/>\n<link rel=\"canonical\" href=\"https:\/\/topos.be\/fr\/coworking-bruxelles\/bureau-sur-mesure\/\" \/>\n<meta property=\"og:locale\" content=\"fr_FR\" \/>\n<meta property=\"og:type\" content=\"article\" \/>\n<meta property=\"og:title\" content=\"Un bureau sur mesure pour votre entreprise - TOPOS\" \/>\n<meta property=\"og:description\" content=\"Un espace de coworking, un bureau temporaire pour une journ\u00e9e ou un bureau individuel permanent ? Tout est possible dans les\u00a0centres d\u2019affaires TOPOS \u00e0 Bruxelles. Choisissez votre formule et b\u00e9n\u00e9ficiez d&rsquo;un service sur-mesure adapt\u00e9 \u00e0 vos besoins, dans un cadre \u00e0 la fois luxueux et d\u00e9contract\u00e9.\" \/>\n<meta property=\"og:url\" content=\"https:\/\/topos.be\/fr\/coworking-bruxelles\/bureau-sur-mesure\/\" \/>\n<meta property=\"og:site_name\" content=\"TOPOS\" \/>\n<meta property=\"article:publisher\" content=\"https:\/\/www.facebook.com\/TOPOS-221420354663261\/?fref=ts\" \/>\n<meta property=\"article:modified_time\" content=\"2019-08-30T19:53:53+00:00\" \/>\n<meta name=\"twitter:card\" content=\"summary_large_image\" \/>\n<meta name=\"twitter:site\" content=\"@ToposBe\" \/>\n<script type=\"application\/ld+json\" class=\"yoast-schema-graph\">{\"@context\":\"https:\\\/\\\/schema.org\",\"@graph\":[{\"@type\":\"WebPage\",\"@id\":\"https:\\\/\\\/topos.be\\\/fr\\\/coworking-bruxelles\\\/bureau-sur-mesure\\\/\",\"url\":\"https:\\\/\\\/topos.be\\\/fr\\\/coworking-bruxelles\\\/bureau-sur-mesure\\\/\",\"name\":\"Un bureau sur mesure pour votre entreprise - TOPOS\",\"isPartOf\":{\"@id\":\"https:\\\/\\\/topos.be\\\/fr\\\/#website\"},\"datePublished\":\"2019-07-24T07:54:47+00:00\",\"dateModified\":\"2019-08-30T19:53:53+00:00\",\"breadcrumb\":{\"@id\":\"https:\\\/\\\/topos.be\\\/fr\\\/coworking-bruxelles\\\/bureau-sur-mesure\\\/#breadcrumb\"},\"inLanguage\":\"fr-FR\",\"potentialAction\":[{\"@type\":\"ReadAction\",\"target\":[\"https:\\\/\\\/topos.be\\\/fr\\\/coworking-bruxelles\\\/bureau-sur-mesure\\\/\"]}]},{\"@type\":\"BreadcrumbList\",\"@id\":\"https:\\\/\\\/topos.be\\\/fr\\\/coworking-bruxelles\\\/bureau-sur-mesure\\\/#breadcrumb\",\"itemListElement\":[{\"@type\":\"ListItem\",\"position\":1,\"name\":\"Accueil\",\"item\":\"https:\\\/\\\/topos.be\\\/fr\\\/\"},{\"@type\":\"ListItem\",\"position\":2,\"name\":\"TOPOS\",\"item\":\"https:\\\/\\\/topos.be\\\/fr\\\/coworking-bruxelles\\\/\"},{\"@type\":\"ListItem\",\"position\":3,\"name\":\"Un bureau sur mesure pour votre entreprise\"}]},{\"@type\":\"WebSite\",\"@id\":\"https:\\\/\\\/topos.be\\\/fr\\\/#website\",\"url\":\"https:\\\/\\\/topos.be\\\/fr\\\/\",\"name\":\"TOPOS\",\"description\":\"Business center Bruxelles \u2013 Bureaux \u00e0 louer\",\"potentialAction\":[{\"@type\":\"SearchAction\",\"target\":{\"@type\":\"EntryPoint\",\"urlTemplate\":\"https:\\\/\\\/topos.be\\\/fr\\\/?s={search_term_string}\"},\"query-input\":{\"@type\":\"PropertyValueSpecification\",\"valueRequired\":true,\"valueName\":\"search_term_string\"}}],\"inLanguage\":\"fr-FR\"}]}<\/script>\n<!-- \/ Yoast SEO plugin. -->","yoast_head_json":{"title":"Un bureau sur mesure pour votre entreprise - TOPOS","robots":{"index":"index","follow":"follow","max-snippet":"max-snippet:-1","max-image-preview":"max-image-preview:large","max-video-preview":"max-video-preview:-1"},"canonical":"https:\/\/topos.be\/fr\/coworking-bruxelles\/bureau-sur-mesure\/","og_locale":"fr_FR","og_type":"article","og_title":"Un bureau sur mesure pour votre entreprise - TOPOS","og_description":"Un espace de coworking, un bureau temporaire pour une journ\u00e9e ou un bureau individuel permanent ? Tout est possible dans les\u00a0centres d\u2019affaires TOPOS \u00e0 Bruxelles. Choisissez votre formule et b\u00e9n\u00e9ficiez d&rsquo;un service sur-mesure adapt\u00e9 \u00e0 vos besoins, dans un cadre \u00e0 la fois luxueux et d\u00e9contract\u00e9.","og_url":"https:\/\/topos.be\/fr\/coworking-bruxelles\/bureau-sur-mesure\/","og_site_name":"TOPOS","article_publisher":"https:\/\/www.facebook.com\/TOPOS-221420354663261\/?fref=ts","article_modified_time":"2019-08-30T19:53:53+00:00","twitter_card":"summary_large_image","twitter_site":"@ToposBe","schema":{"@context":"https:\/\/schema.org","@graph":[{"@type":"WebPage","@id":"https:\/\/topos.be\/fr\/coworking-bruxelles\/bureau-sur-mesure\/","url":"https:\/\/topos.be\/fr\/coworking-bruxelles\/bureau-sur-mesure\/","name":"Un bureau sur mesure pour votre entreprise - TOPOS","isPartOf":{"@id":"https:\/\/topos.be\/fr\/#website"},"datePublished":"2019-07-24T07:54:47+00:00","dateModified":"2019-08-30T19:53:53+00:00","breadcrumb":{"@id":"https:\/\/topos.be\/fr\/coworking-bruxelles\/bureau-sur-mesure\/#breadcrumb"},"inLanguage":"fr-FR","potentialAction":[{"@type":"ReadAction","target":["https:\/\/topos.be\/fr\/coworking-bruxelles\/bureau-sur-mesure\/"]}]},{"@type":"BreadcrumbList","@id":"https:\/\/topos.be\/fr\/coworking-bruxelles\/bureau-sur-mesure\/#breadcrumb","itemListElement":[{"@type":"ListItem","position":1,"name":"Accueil","item":"https:\/\/topos.be\/fr\/"},{"@type":"ListItem","position":2,"name":"TOPOS","item":"https:\/\/topos.be\/fr\/coworking-bruxelles\/"},{"@type":"ListItem","position":3,"name":"Un bureau sur mesure pour votre entreprise"}]},{"@type":"WebSite","@id":"https:\/\/topos.be\/fr\/#website","url":"https:\/\/topos.be\/fr\/","name":"TOPOS","description":"Business center Bruxelles \u2013 Bureaux \u00e0 louer","potentialAction":[{"@type":"SearchAction","target":{"@type":"EntryPoint","urlTemplate":"https:\/\/topos.be\/fr\/?s={search_term_string}"},"query-input":{"@type":"PropertyValueSpecification","valueRequired":true,"valueName":"search_term_string"}}],"inLanguage":"fr-FR"}]}},"_links":{"self":[{"href":"https:\/\/topos.be\/fr\/wp-json\/wp\/v2\/pages\/15","targetHints":{"allow":["GET"]}}],"collection":[{"href":"https:\/\/topos.be\/fr\/wp-json\/wp\/v2\/pages"}],"about":[{"href":"https:\/\/topos.be\/fr\/wp-json\/wp\/v2\/types\/page"}],"author":[{"embeddable":true,"href":"https:\/\/topos.be\/fr\/wp-json\/wp\/v2\/users\/1"}],"replies":[{"embeddable":true,"href":"https:\/\/topos.be\/fr\/wp-json\/wp\/v2\/comments?post=15"}],"version-history":[{"count":0,"href":"https:\/\/topos.be\/fr\/wp-json\/wp\/v2\/pages\/15\/revisions"}],"up":[{"embeddable":true,"href":"https:\/\/topos.be\/fr\/wp-json\/wp\/v2\/pages\/68"}],"wp:attachment":[{"href":"https:\/\/topos.be\/fr\/wp-json\/wp\/v2\/media?parent=15"}],"curies":[{"name":"wp","href":"https:\/\/api.w.org\/{rel}","templated":true}]}}