{"id":17,"date":"2019-07-24T09:55:10","date_gmt":"2019-07-24T07:55:10","guid":{"rendered":"https:\/\/topos.be\/?page_id=17"},"modified":"2020-11-04T12:00:09","modified_gmt":"2020-11-04T11:00:09","slug":"travail-confortable","status":"publish","type":"page","link":"https:\/\/topos.be\/fr\/coworking-bruxelles\/travail-confortable\/","title":{"rendered":"Rendez-vous dans des univers confortables"},"content":{"rendered":"\n<p>Les centres d&rsquo;affaires TOPOS sont pens\u00e9s pour vous permettre de vous concentrer exclusivement sur votre travail. Ils disposent de salles de r\u00e9unions intimes ou spacieuses, am\u00e9nag\u00e9es avec go\u00fbt. Elles sont parfaites pour r\u00e9fl\u00e9chir en toute qui\u00e9tude ou donner des formations et des pr\u00e9sentations sans \u00eatre d\u00e9rang\u00e9. Nos salles am\u00e9nag\u00e9es en th\u00e9\u00e2tre peuvent recevoir jusqu\u2019\u00e0 60 personnes ! <br>\nTous nos bureaux et salles ont \u00e9t\u00e9 revus et am\u00e9nag\u00e9s pour respecter les normes sanitaires en cette p\u00e9riode de  COVID<\/p>\n","protected":false},"excerpt":{"rendered":"<p>Les centres d&rsquo;affaires TOPOS sont pens\u00e9s pour vous permettre de vous concentrer exclusivement sur votre travail. Ils disposent de salles de r\u00e9unions intimes ou spacieuses, am\u00e9nag\u00e9es avec go\u00fbt. Elles sont parfaites pour r\u00e9fl\u00e9chir en toute qui\u00e9tude ou donner des formations et des pr\u00e9sentations sans \u00eatre d\u00e9rang\u00e9. Nos salles am\u00e9nag\u00e9es en th\u00e9\u00e2tre peuvent recevoir jusqu\u2019\u00e0 60&hellip;<\/p>\n","protected":false},"author":1,"featured_media":0,"parent":68,"menu_order":2,"comment_status":"closed","ping_status":"closed","template":"","meta":{"_acf_changed":false,"footnotes":""},"class_list":["post-17","page","type-page","status-publish","hentry"],"acf":[],"yoast_head":"<!-- This site is optimized with the Yoast SEO plugin v26.2 - https:\/\/yoast.com\/wordpress\/plugins\/seo\/ -->\n<title>Rendez-vous dans des univers confortables - TOPOS<\/title>\n<meta name=\"robots\" content=\"index, follow, max-snippet:-1, max-image-preview:large, max-video-preview:-1\" \/>\n<link rel=\"canonical\" href=\"https:\/\/topos.be\/fr\/coworking-bruxelles\/travail-confortable\/\" \/>\n<meta property=\"og:locale\" content=\"fr_FR\" \/>\n<meta property=\"og:type\" content=\"article\" \/>\n<meta property=\"og:title\" content=\"Rendez-vous dans des univers confortables - TOPOS\" \/>\n<meta property=\"og:description\" content=\"Les centres d&rsquo;affaires TOPOS sont pens\u00e9s pour vous permettre de vous concentrer exclusivement sur votre travail. Ils disposent de salles de r\u00e9unions intimes ou spacieuses, am\u00e9nag\u00e9es avec go\u00fbt. Elles sont parfaites pour r\u00e9fl\u00e9chir en toute qui\u00e9tude ou donner des formations et des pr\u00e9sentations sans \u00eatre d\u00e9rang\u00e9. Nos salles am\u00e9nag\u00e9es en th\u00e9\u00e2tre peuvent recevoir jusqu\u2019\u00e0 60&hellip;\" \/>\n<meta property=\"og:url\" content=\"https:\/\/topos.be\/fr\/coworking-bruxelles\/travail-confortable\/\" \/>\n<meta property=\"og:site_name\" content=\"TOPOS\" \/>\n<meta property=\"article:publisher\" content=\"https:\/\/www.facebook.com\/TOPOS-221420354663261\/?fref=ts\" \/>\n<meta property=\"article:modified_time\" content=\"2020-11-04T11:00:09+00:00\" \/>\n<meta name=\"twitter:card\" content=\"summary_large_image\" \/>\n<meta name=\"twitter:site\" content=\"@ToposBe\" \/>\n<script type=\"application\/ld+json\" class=\"yoast-schema-graph\">{\"@context\":\"https:\/\/schema.org\",\"@graph\":[{\"@type\":\"WebPage\",\"@id\":\"https:\/\/topos.be\/fr\/coworking-bruxelles\/travail-confortable\/\",\"url\":\"https:\/\/topos.be\/fr\/coworking-bruxelles\/travail-confortable\/\",\"name\":\"Rendez-vous dans des univers confortables - TOPOS\",\"isPartOf\":{\"@id\":\"https:\/\/topos.be\/fr\/#website\"},\"datePublished\":\"2019-07-24T07:55:10+00:00\",\"dateModified\":\"2020-11-04T11:00:09+00:00\",\"breadcrumb\":{\"@id\":\"https:\/\/topos.be\/fr\/coworking-bruxelles\/travail-confortable\/#breadcrumb\"},\"inLanguage\":\"fr-FR\",\"potentialAction\":[{\"@type\":\"ReadAction\",\"target\":[\"https:\/\/topos.be\/fr\/coworking-bruxelles\/travail-confortable\/\"]}]},{\"@type\":\"BreadcrumbList\",\"@id\":\"https:\/\/topos.be\/fr\/coworking-bruxelles\/travail-confortable\/#breadcrumb\",\"itemListElement\":[{\"@type\":\"ListItem\",\"position\":1,\"name\":\"Accueil\",\"item\":\"https:\/\/topos.be\/fr\/\"},{\"@type\":\"ListItem\",\"position\":2,\"name\":\"TOPOS\",\"item\":\"https:\/\/topos.be\/fr\/coworking-bruxelles\/\"},{\"@type\":\"ListItem\",\"position\":3,\"name\":\"Rendez-vous dans des univers confortables\"}]},{\"@type\":\"WebSite\",\"@id\":\"https:\/\/topos.be\/fr\/#website\",\"url\":\"https:\/\/topos.be\/fr\/\",\"name\":\"TOPOS\",\"description\":\"Business center Bruxelles \u2013 Bureaux \u00e0 louer\",\"potentialAction\":[{\"@type\":\"SearchAction\",\"target\":{\"@type\":\"EntryPoint\",\"urlTemplate\":\"https:\/\/topos.be\/fr\/?s={search_term_string}\"},\"query-input\":{\"@type\":\"PropertyValueSpecification\",\"valueRequired\":true,\"valueName\":\"search_term_string\"}}],\"inLanguage\":\"fr-FR\"}]}<\/script>\n<!-- \/ Yoast SEO plugin. -->","yoast_head_json":{"title":"Rendez-vous dans des univers confortables - TOPOS","robots":{"index":"index","follow":"follow","max-snippet":"max-snippet:-1","max-image-preview":"max-image-preview:large","max-video-preview":"max-video-preview:-1"},"canonical":"https:\/\/topos.be\/fr\/coworking-bruxelles\/travail-confortable\/","og_locale":"fr_FR","og_type":"article","og_title":"Rendez-vous dans des univers confortables - TOPOS","og_description":"Les centres d&rsquo;affaires TOPOS sont pens\u00e9s pour vous permettre de vous concentrer exclusivement sur votre travail. Ils disposent de salles de r\u00e9unions intimes ou spacieuses, am\u00e9nag\u00e9es avec go\u00fbt. Elles sont parfaites pour r\u00e9fl\u00e9chir en toute qui\u00e9tude ou donner des formations et des pr\u00e9sentations sans \u00eatre d\u00e9rang\u00e9. Nos salles am\u00e9nag\u00e9es en th\u00e9\u00e2tre peuvent recevoir jusqu\u2019\u00e0 60&hellip;","og_url":"https:\/\/topos.be\/fr\/coworking-bruxelles\/travail-confortable\/","og_site_name":"TOPOS","article_publisher":"https:\/\/www.facebook.com\/TOPOS-221420354663261\/?fref=ts","article_modified_time":"2020-11-04T11:00:09+00:00","twitter_card":"summary_large_image","twitter_site":"@ToposBe","schema":{"@context":"https:\/\/schema.org","@graph":[{"@type":"WebPage","@id":"https:\/\/topos.be\/fr\/coworking-bruxelles\/travail-confortable\/","url":"https:\/\/topos.be\/fr\/coworking-bruxelles\/travail-confortable\/","name":"Rendez-vous dans des univers confortables - TOPOS","isPartOf":{"@id":"https:\/\/topos.be\/fr\/#website"},"datePublished":"2019-07-24T07:55:10+00:00","dateModified":"2020-11-04T11:00:09+00:00","breadcrumb":{"@id":"https:\/\/topos.be\/fr\/coworking-bruxelles\/travail-confortable\/#breadcrumb"},"inLanguage":"fr-FR","potentialAction":[{"@type":"ReadAction","target":["https:\/\/topos.be\/fr\/coworking-bruxelles\/travail-confortable\/"]}]},{"@type":"BreadcrumbList","@id":"https:\/\/topos.be\/fr\/coworking-bruxelles\/travail-confortable\/#breadcrumb","itemListElement":[{"@type":"ListItem","position":1,"name":"Accueil","item":"https:\/\/topos.be\/fr\/"},{"@type":"ListItem","position":2,"name":"TOPOS","item":"https:\/\/topos.be\/fr\/coworking-bruxelles\/"},{"@type":"ListItem","position":3,"name":"Rendez-vous dans des univers confortables"}]},{"@type":"WebSite","@id":"https:\/\/topos.be\/fr\/#website","url":"https:\/\/topos.be\/fr\/","name":"TOPOS","description":"Business center Bruxelles \u2013 Bureaux \u00e0 louer","potentialAction":[{"@type":"SearchAction","target":{"@type":"EntryPoint","urlTemplate":"https:\/\/topos.be\/fr\/?s={search_term_string}"},"query-input":{"@type":"PropertyValueSpecification","valueRequired":true,"valueName":"search_term_string"}}],"inLanguage":"fr-FR"}]}},"_links":{"self":[{"href":"https:\/\/topos.be\/fr\/wp-json\/wp\/v2\/pages\/17","targetHints":{"allow":["GET"]}}],"collection":[{"href":"https:\/\/topos.be\/fr\/wp-json\/wp\/v2\/pages"}],"about":[{"href":"https:\/\/topos.be\/fr\/wp-json\/wp\/v2\/types\/page"}],"author":[{"embeddable":true,"href":"https:\/\/topos.be\/fr\/wp-json\/wp\/v2\/users\/1"}],"replies":[{"embeddable":true,"href":"https:\/\/topos.be\/fr\/wp-json\/wp\/v2\/comments?post=17"}],"version-history":[{"count":0,"href":"https:\/\/topos.be\/fr\/wp-json\/wp\/v2\/pages\/17\/revisions"}],"up":[{"embeddable":true,"href":"https:\/\/topos.be\/fr\/wp-json\/wp\/v2\/pages\/68"}],"wp:attachment":[{"href":"https:\/\/topos.be\/fr\/wp-json\/wp\/v2\/media?parent=17"}],"curies":[{"name":"wp","href":"https:\/\/api.w.org\/{rel}","templated":true}]}}