{"id":19,"date":"2019-07-24T09:59:50","date_gmt":"2019-07-24T07:59:50","guid":{"rendered":"https:\/\/topos.be\/?page_id=19"},"modified":"2020-11-13T15:02:53","modified_gmt":"2020-11-13T14:02:53","slug":"location-bureaux","status":"publish","type":"page","link":"https:\/\/topos.be\/fr\/location-bureaux\/","title":{"rendered":"Location d&rsquo;espaces de travail privatifs et partag\u00e9s, services&nbsp;personnalis\u00e9s"},"content":{"rendered":"\n<p>Espace de coworking, adresse commerciale ou si\u00e8ge social, bureau priv\u00e9 \u00e9quip\u00e9, bureau virtuel, salle de r\u00e9union, assistance administrative, th\u00e9, caf\u00e9 frais et moulu (issu du commerce \u00e9quitable et import\u00e9 par l\u2019une de nos membres) \u00e0 volont\u00e9\u2026 l\u2019espace de travail id\u00e9al c\u2019est notre affaire&nbsp;! Et ce \u00e0 prix abordable, sans frais cach\u00e9s.<\/p>\n\n\n\n<p>Nos centres d\u2019affaires et de coworking sont enti\u00e8rement \u00e9quip\u00e9s et pr\u00eats \u00e0 l\u2019emploi&nbsp;: mobilier design et ergonomique, internet haut d\u00e9bit, imprimantes multifonctions, chauffage, \u00e9lectricit\u00e9, espaces de d\u00e9tente, jardins, terrasse et une \u00e9quipe multilingue \u2026 tout est inclus&nbsp;!&nbsp;<\/p>\n\n\n\n<p>Que ce soit pour une journ\u00e9e ou pour plusieurs mois, notre \u00e9quipe souriante et professionnelle sera ravie de vous accompagner. Et ce dans plus de 8 langues parl\u00e9es.<\/p>\n","protected":false},"excerpt":{"rendered":"<p><a href=\"https:\/\/topos.be\/fr\/service\/adresse-commerciale\/\">Si\u00e8ge social<\/a>, <a href=\"https:\/\/topos.be\/fr\/service\/adresse-commerciale\/\">domiciliation<\/a>, <a href=\"https:\/\/topos.be\/fr\/service\/adresse-commerciale\/\">adresse commerciale<\/a>, <a href=\"https:\/\/topos.be\/fr\/service\/bureau-virtuel\/\">bureau virtuel<\/a>, <a href=\"https:\/\/topos.be\/fr\/service\/coworking\/\">espace coworking<\/a>, <a href=\"https:\/\/topos.be\/fr\/service\/bureau-privatif\/\">bureau \u00e9quip\u00e9<\/a> jusqu\u2019\u00e0 20 personnes et salle de r\u00e9union jusqu\u2019\u00e0 60 personnes. TOPOS c\u2019est tout cela\u2026 mais pas que ! C\u2019est surtout un service sur-mesure, personnalis\u00e9 pour chacun de nos clients : constitution de soci\u00e9t\u00e9s, d\u00e9marches l\u00e9gales, assistance administrative, gestion du courrier et\/ou des appels t\u00e9l\u00e9phoniques, accueil des visiteurs\u2026 Vous avez besoin de quelque chose? Il suffit de demander.<\/p>\n","protected":false},"author":1,"featured_media":99,"parent":0,"menu_order":1,"comment_status":"closed","ping_status":"closed","template":"page-services.php","meta":{"_acf_changed":false,"footnotes":""},"class_list":["post-19","page","type-page","status-publish","has-post-thumbnail","hentry"],"acf":[],"yoast_head":"<!-- This site is optimized with the Yoast SEO plugin v26.2 - https:\/\/yoast.com\/wordpress\/plugins\/seo\/ -->\n<title>Location d&#039;espaces de travail privatifs et partag\u00e9s, services&nbsp;personnalis\u00e9s - TOPOS<\/title>\n<meta name=\"description\" content=\"Louez un bureau sur Bruxelles? Les 5 TOPOS business centers offrent un ensemble complet de solutions de services de bureaux aux entreprises et entrepreneurs\" \/>\n<meta name=\"robots\" content=\"index, follow, max-snippet:-1, max-image-preview:large, max-video-preview:-1\" \/>\n<link rel=\"canonical\" href=\"https:\/\/topos.be\/fr\/location-bureaux\/\" \/>\n<meta property=\"og:locale\" content=\"fr_FR\" \/>\n<meta property=\"og:type\" content=\"article\" \/>\n<meta property=\"og:title\" content=\"Location d&#039;espaces de travail privatifs et partag\u00e9s, services&nbsp;personnalis\u00e9s - TOPOS\" \/>\n<meta property=\"og:description\" content=\"Louez un bureau sur Bruxelles? Les 5 TOPOS business centers offrent un ensemble complet de solutions de services de bureaux aux entreprises et entrepreneurs\" \/>\n<meta property=\"og:url\" content=\"https:\/\/topos.be\/fr\/location-bureaux\/\" \/>\n<meta property=\"og:site_name\" content=\"TOPOS\" \/>\n<meta property=\"article:publisher\" content=\"https:\/\/www.facebook.com\/TOPOS-221420354663261\/?fref=ts\" \/>\n<meta property=\"article:modified_time\" content=\"2020-11-13T14:02:53+00:00\" \/>\n<meta property=\"og:image\" content=\"https:\/\/topos.be\/wp-content\/uploads\/2019\/07\/photo-business-centre-merode-04.jpg\" \/>\n\t<meta property=\"og:image:width\" content=\"2449\" \/>\n\t<meta property=\"og:image:height\" content=\"1632\" \/>\n\t<meta property=\"og:image:type\" content=\"image\/jpeg\" \/>\n<meta name=\"twitter:card\" content=\"summary_large_image\" \/>\n<meta name=\"twitter:site\" content=\"@ToposBe\" \/>\n<meta name=\"twitter:label1\" content=\"Dur\u00e9e de lecture estim\u00e9e\" \/>\n\t<meta name=\"twitter:data1\" content=\"1 minute\" \/>\n<script type=\"application\/ld+json\" class=\"yoast-schema-graph\">{\"@context\":\"https:\/\/schema.org\",\"@graph\":[{\"@type\":\"WebPage\",\"@id\":\"https:\/\/topos.be\/fr\/location-bureaux\/\",\"url\":\"https:\/\/topos.be\/fr\/location-bureaux\/\",\"name\":\"Location d'espaces de travail privatifs et partag\u00e9s, services&nbsp;personnalis\u00e9s - TOPOS\",\"isPartOf\":{\"@id\":\"https:\/\/topos.be\/fr\/#website\"},\"primaryImageOfPage\":{\"@id\":\"https:\/\/topos.be\/fr\/location-bureaux\/#primaryimage\"},\"image\":{\"@id\":\"https:\/\/topos.be\/fr\/location-bureaux\/#primaryimage\"},\"thumbnailUrl\":\"https:\/\/topos.be\/wp-content\/uploads\/2019\/07\/photo-business-centre-merode-04.jpg\",\"datePublished\":\"2019-07-24T07:59:50+00:00\",\"dateModified\":\"2020-11-13T14:02:53+00:00\",\"description\":\"Louez un bureau sur Bruxelles? Les 5 TOPOS business centers offrent un ensemble complet de solutions de services de bureaux aux entreprises et entrepreneurs\",\"breadcrumb\":{\"@id\":\"https:\/\/topos.be\/fr\/location-bureaux\/#breadcrumb\"},\"inLanguage\":\"fr-FR\",\"potentialAction\":[{\"@type\":\"ReadAction\",\"target\":[\"https:\/\/topos.be\/fr\/location-bureaux\/\"]}]},{\"@type\":\"ImageObject\",\"inLanguage\":\"fr-FR\",\"@id\":\"https:\/\/topos.be\/fr\/location-bureaux\/#primaryimage\",\"url\":\"https:\/\/topos.be\/wp-content\/uploads\/2019\/07\/photo-business-centre-merode-04.jpg\",\"contentUrl\":\"https:\/\/topos.be\/wp-content\/uploads\/2019\/07\/photo-business-centre-merode-04.jpg\",\"width\":2449,\"height\":1632,\"caption\":\"Bureaux \/ Offices M\u00e9rode (Brussels)\"},{\"@type\":\"BreadcrumbList\",\"@id\":\"https:\/\/topos.be\/fr\/location-bureaux\/#breadcrumb\",\"itemListElement\":[{\"@type\":\"ListItem\",\"position\":1,\"name\":\"Accueil\",\"item\":\"https:\/\/topos.be\/fr\/\"},{\"@type\":\"ListItem\",\"position\":2,\"name\":\"Location d&rsquo;espaces de travail privatifs et partag\u00e9s, services&nbsp;personnalis\u00e9s\"}]},{\"@type\":\"WebSite\",\"@id\":\"https:\/\/topos.be\/fr\/#website\",\"url\":\"https:\/\/topos.be\/fr\/\",\"name\":\"TOPOS\",\"description\":\"Business center Bruxelles \u2013 Bureaux \u00e0 louer\",\"potentialAction\":[{\"@type\":\"SearchAction\",\"target\":{\"@type\":\"EntryPoint\",\"urlTemplate\":\"https:\/\/topos.be\/fr\/?s={search_term_string}\"},\"query-input\":{\"@type\":\"PropertyValueSpecification\",\"valueRequired\":true,\"valueName\":\"search_term_string\"}}],\"inLanguage\":\"fr-FR\"}]}<\/script>\n<!-- \/ Yoast SEO plugin. -->","yoast_head_json":{"title":"Location d'espaces de travail privatifs et partag\u00e9s, services&nbsp;personnalis\u00e9s - TOPOS","description":"Louez un bureau sur Bruxelles? Les 5 TOPOS business centers offrent un ensemble complet de solutions de services de bureaux aux entreprises et entrepreneurs","robots":{"index":"index","follow":"follow","max-snippet":"max-snippet:-1","max-image-preview":"max-image-preview:large","max-video-preview":"max-video-preview:-1"},"canonical":"https:\/\/topos.be\/fr\/location-bureaux\/","og_locale":"fr_FR","og_type":"article","og_title":"Location d'espaces de travail privatifs et partag\u00e9s, services&nbsp;personnalis\u00e9s - TOPOS","og_description":"Louez un bureau sur Bruxelles? Les 5 TOPOS business centers offrent un ensemble complet de solutions de services de bureaux aux entreprises et entrepreneurs","og_url":"https:\/\/topos.be\/fr\/location-bureaux\/","og_site_name":"TOPOS","article_publisher":"https:\/\/www.facebook.com\/TOPOS-221420354663261\/?fref=ts","article_modified_time":"2020-11-13T14:02:53+00:00","og_image":[{"width":2449,"height":1632,"url":"https:\/\/topos.be\/wp-content\/uploads\/2019\/07\/photo-business-centre-merode-04.jpg","type":"image\/jpeg"}],"twitter_card":"summary_large_image","twitter_site":"@ToposBe","twitter_misc":{"Dur\u00e9e de lecture estim\u00e9e":"1 minute"},"schema":{"@context":"https:\/\/schema.org","@graph":[{"@type":"WebPage","@id":"https:\/\/topos.be\/fr\/location-bureaux\/","url":"https:\/\/topos.be\/fr\/location-bureaux\/","name":"Location d'espaces de travail privatifs et partag\u00e9s, services&nbsp;personnalis\u00e9s - TOPOS","isPartOf":{"@id":"https:\/\/topos.be\/fr\/#website"},"primaryImageOfPage":{"@id":"https:\/\/topos.be\/fr\/location-bureaux\/#primaryimage"},"image":{"@id":"https:\/\/topos.be\/fr\/location-bureaux\/#primaryimage"},"thumbnailUrl":"https:\/\/topos.be\/wp-content\/uploads\/2019\/07\/photo-business-centre-merode-04.jpg","datePublished":"2019-07-24T07:59:50+00:00","dateModified":"2020-11-13T14:02:53+00:00","description":"Louez un bureau sur Bruxelles? Les 5 TOPOS business centers offrent un ensemble complet de solutions de services de bureaux aux entreprises et entrepreneurs","breadcrumb":{"@id":"https:\/\/topos.be\/fr\/location-bureaux\/#breadcrumb"},"inLanguage":"fr-FR","potentialAction":[{"@type":"ReadAction","target":["https:\/\/topos.be\/fr\/location-bureaux\/"]}]},{"@type":"ImageObject","inLanguage":"fr-FR","@id":"https:\/\/topos.be\/fr\/location-bureaux\/#primaryimage","url":"https:\/\/topos.be\/wp-content\/uploads\/2019\/07\/photo-business-centre-merode-04.jpg","contentUrl":"https:\/\/topos.be\/wp-content\/uploads\/2019\/07\/photo-business-centre-merode-04.jpg","width":2449,"height":1632,"caption":"Bureaux \/ Offices M\u00e9rode (Brussels)"},{"@type":"BreadcrumbList","@id":"https:\/\/topos.be\/fr\/location-bureaux\/#breadcrumb","itemListElement":[{"@type":"ListItem","position":1,"name":"Accueil","item":"https:\/\/topos.be\/fr\/"},{"@type":"ListItem","position":2,"name":"Location d&rsquo;espaces de travail privatifs et partag\u00e9s, services&nbsp;personnalis\u00e9s"}]},{"@type":"WebSite","@id":"https:\/\/topos.be\/fr\/#website","url":"https:\/\/topos.be\/fr\/","name":"TOPOS","description":"Business center Bruxelles \u2013 Bureaux \u00e0 louer","potentialAction":[{"@type":"SearchAction","target":{"@type":"EntryPoint","urlTemplate":"https:\/\/topos.be\/fr\/?s={search_term_string}"},"query-input":{"@type":"PropertyValueSpecification","valueRequired":true,"valueName":"search_term_string"}}],"inLanguage":"fr-FR"}]}},"_links":{"self":[{"href":"https:\/\/topos.be\/fr\/wp-json\/wp\/v2\/pages\/19","targetHints":{"allow":["GET"]}}],"collection":[{"href":"https:\/\/topos.be\/fr\/wp-json\/wp\/v2\/pages"}],"about":[{"href":"https:\/\/topos.be\/fr\/wp-json\/wp\/v2\/types\/page"}],"author":[{"embeddable":true,"href":"https:\/\/topos.be\/fr\/wp-json\/wp\/v2\/users\/1"}],"replies":[{"embeddable":true,"href":"https:\/\/topos.be\/fr\/wp-json\/wp\/v2\/comments?post=19"}],"version-history":[{"count":0,"href":"https:\/\/topos.be\/fr\/wp-json\/wp\/v2\/pages\/19\/revisions"}],"wp:featuredmedia":[{"embeddable":true,"href":"https:\/\/topos.be\/fr\/wp-json\/wp\/v2\/media\/99"}],"wp:attachment":[{"href":"https:\/\/topos.be\/fr\/wp-json\/wp\/v2\/media?parent=19"}],"curies":[{"name":"wp","href":"https:\/\/api.w.org\/{rel}","templated":true}]}}