{"id":21,"date":"2019-07-24T10:21:39","date_gmt":"2019-07-24T08:21:39","guid":{"rendered":"https:\/\/topos.be\/?page_id=21"},"modified":"2022-08-16T13:30:26","modified_gmt":"2022-08-16T11:30:26","slug":"accueil","status":"publish","type":"page","link":"https:\/\/topos.be\/fr\/","title":{"rendered":"Votre centre d\u2019affaires et de coworking \u00e0 Bruxelles"},"content":{"rendered":"\n<p>Les centres d\u2019affaires TOPOS : 4 h\u00f4tels de ma\u00eetre situ\u00e9s dans des quartiers anim\u00e9s en des points strat\u00e9giques \u00e0 Bruxelles. Facilement accessibles en transports en commun, ils offrent des espaces de coworking, des salles de r\u00e9union et des bureaux \u00e9quip\u00e9s dans un environnement \u00e0 taille humaine. Ils disposent en outre de jardins, patios et terrasse de toit, le tout \u00e0 prix tr\u00e8s abordable. Vous cherchez un bureau \u00e0 Bruxelles? <a href=\"https:\/\/topos.be\/fr\/contact\/\">Venez nous rendre visite<\/a> !<\/p>\n","protected":false},"excerpt":{"rendered":"<p>Les centres d\u2019affaires TOPOS : 4 h\u00f4tels de ma\u00eetre situ\u00e9s dans des quartiers anim\u00e9s en des points strat\u00e9giques \u00e0 Bruxelles. Facilement accessibles en transports en commun, ils offrent des espaces de coworking, des salles de r\u00e9union et des bureaux \u00e9quip\u00e9s dans un environnement \u00e0 taille humaine. Ils disposent en outre de jardins, patios et terrasse&hellip;<\/p>\n","protected":false},"author":1,"featured_media":0,"parent":0,"menu_order":0,"comment_status":"closed","ping_status":"closed","template":"page-home.php","meta":{"_acf_changed":false,"footnotes":""},"class_list":["post-21","page","type-page","status-publish","hentry"],"acf":[],"yoast_head":"<!-- This site is optimized with the Yoast SEO plugin v26.2 - https:\/\/yoast.com\/wordpress\/plugins\/seo\/ -->\n<title>Votre centre d\u2019affaires et de coworking \u00e0 Bruxelles - TOPOS<\/title>\n<meta name=\"description\" content=\"Bureau priv\u00e9, espace de travail ou de coworking \u00e0 Bruxelles? Bienvenue chez Topos. D\u00e9couvrez des espaces de travail flexibles et personnalis\u00e9s en fonction de vos besoins et de votre budget au coeur de Bruxelles.\" \/>\n<meta name=\"robots\" content=\"index, follow, max-snippet:-1, max-image-preview:large, max-video-preview:-1\" \/>\n<link rel=\"canonical\" href=\"https:\/\/topos.be\/fr\/\" \/>\n<meta property=\"og:locale\" content=\"fr_FR\" \/>\n<meta property=\"og:type\" content=\"article\" \/>\n<meta property=\"og:title\" content=\"Votre centre d\u2019affaires et de coworking \u00e0 Bruxelles - TOPOS\" \/>\n<meta property=\"og:description\" content=\"Bureau priv\u00e9, espace de travail ou de coworking \u00e0 Bruxelles? Bienvenue chez Topos. D\u00e9couvrez des espaces de travail flexibles et personnalis\u00e9s en fonction de vos besoins et de votre budget au coeur de Bruxelles.\" \/>\n<meta property=\"og:url\" content=\"https:\/\/topos.be\/fr\/\" \/>\n<meta property=\"og:site_name\" content=\"TOPOS\" \/>\n<meta property=\"article:publisher\" content=\"https:\/\/www.facebook.com\/TOPOS-221420354663261\/?fref=ts\" \/>\n<meta property=\"article:modified_time\" content=\"2022-08-16T11:30:26+00:00\" \/>\n<meta name=\"twitter:card\" content=\"summary_large_image\" \/>\n<meta name=\"twitter:site\" content=\"@ToposBe\" \/>\n<meta name=\"twitter:label1\" content=\"Dur\u00e9e de lecture estim\u00e9e\" \/>\n\t<meta name=\"twitter:data1\" content=\"1 minute\" \/>\n<script type=\"application\/ld+json\" class=\"yoast-schema-graph\">{\"@context\":\"https:\/\/schema.org\",\"@graph\":[{\"@type\":\"WebPage\",\"@id\":\"https:\/\/topos.be\/fr\/\",\"url\":\"https:\/\/topos.be\/fr\/\",\"name\":\"Votre centre d\u2019affaires et de coworking \u00e0 Bruxelles - TOPOS\",\"isPartOf\":{\"@id\":\"https:\/\/topos.be\/fr\/#website\"},\"datePublished\":\"2019-07-24T08:21:39+00:00\",\"dateModified\":\"2022-08-16T11:30:26+00:00\",\"description\":\"Bureau priv\u00e9, espace de travail ou de coworking \u00e0 Bruxelles? Bienvenue chez Topos. D\u00e9couvrez des espaces de travail flexibles et personnalis\u00e9s en fonction de vos besoins et de votre budget au coeur de Bruxelles.\",\"breadcrumb\":{\"@id\":\"https:\/\/topos.be\/fr\/#breadcrumb\"},\"inLanguage\":\"fr-FR\",\"potentialAction\":[{\"@type\":\"ReadAction\",\"target\":[\"https:\/\/topos.be\/fr\/\"]}]},{\"@type\":\"BreadcrumbList\",\"@id\":\"https:\/\/topos.be\/fr\/#breadcrumb\",\"itemListElement\":[{\"@type\":\"ListItem\",\"position\":1,\"name\":\"Accueil\",\"item\":\"https:\/\/topos.be\/fr\/\"},{\"@type\":\"ListItem\",\"position\":2,\"name\":\"Votre centre d\u2019affaires et de coworking \u00e0 Bruxelles\"}]},{\"@type\":\"WebSite\",\"@id\":\"https:\/\/topos.be\/fr\/#website\",\"url\":\"https:\/\/topos.be\/fr\/\",\"name\":\"TOPOS\",\"description\":\"Business center Bruxelles \u2013 Bureaux \u00e0 louer\",\"potentialAction\":[{\"@type\":\"SearchAction\",\"target\":{\"@type\":\"EntryPoint\",\"urlTemplate\":\"https:\/\/topos.be\/fr\/?s={search_term_string}\"},\"query-input\":{\"@type\":\"PropertyValueSpecification\",\"valueRequired\":true,\"valueName\":\"search_term_string\"}}],\"inLanguage\":\"fr-FR\"}]}<\/script>\n<!-- \/ Yoast SEO plugin. -->","yoast_head_json":{"title":"Votre centre d\u2019affaires et de coworking \u00e0 Bruxelles - TOPOS","description":"Bureau priv\u00e9, espace de travail ou de coworking \u00e0 Bruxelles? Bienvenue chez Topos. D\u00e9couvrez des espaces de travail flexibles et personnalis\u00e9s en fonction de vos besoins et de votre budget au coeur de Bruxelles.","robots":{"index":"index","follow":"follow","max-snippet":"max-snippet:-1","max-image-preview":"max-image-preview:large","max-video-preview":"max-video-preview:-1"},"canonical":"https:\/\/topos.be\/fr\/","og_locale":"fr_FR","og_type":"article","og_title":"Votre centre d\u2019affaires et de coworking \u00e0 Bruxelles - TOPOS","og_description":"Bureau priv\u00e9, espace de travail ou de coworking \u00e0 Bruxelles? Bienvenue chez Topos. D\u00e9couvrez des espaces de travail flexibles et personnalis\u00e9s en fonction de vos besoins et de votre budget au coeur de Bruxelles.","og_url":"https:\/\/topos.be\/fr\/","og_site_name":"TOPOS","article_publisher":"https:\/\/www.facebook.com\/TOPOS-221420354663261\/?fref=ts","article_modified_time":"2022-08-16T11:30:26+00:00","twitter_card":"summary_large_image","twitter_site":"@ToposBe","twitter_misc":{"Dur\u00e9e de lecture estim\u00e9e":"1 minute"},"schema":{"@context":"https:\/\/schema.org","@graph":[{"@type":"WebPage","@id":"https:\/\/topos.be\/fr\/","url":"https:\/\/topos.be\/fr\/","name":"Votre centre d\u2019affaires et de coworking \u00e0 Bruxelles - TOPOS","isPartOf":{"@id":"https:\/\/topos.be\/fr\/#website"},"datePublished":"2019-07-24T08:21:39+00:00","dateModified":"2022-08-16T11:30:26+00:00","description":"Bureau priv\u00e9, espace de travail ou de coworking \u00e0 Bruxelles? Bienvenue chez Topos. D\u00e9couvrez des espaces de travail flexibles et personnalis\u00e9s en fonction de vos besoins et de votre budget au coeur de Bruxelles.","breadcrumb":{"@id":"https:\/\/topos.be\/fr\/#breadcrumb"},"inLanguage":"fr-FR","potentialAction":[{"@type":"ReadAction","target":["https:\/\/topos.be\/fr\/"]}]},{"@type":"BreadcrumbList","@id":"https:\/\/topos.be\/fr\/#breadcrumb","itemListElement":[{"@type":"ListItem","position":1,"name":"Accueil","item":"https:\/\/topos.be\/fr\/"},{"@type":"ListItem","position":2,"name":"Votre centre d\u2019affaires et de coworking \u00e0 Bruxelles"}]},{"@type":"WebSite","@id":"https:\/\/topos.be\/fr\/#website","url":"https:\/\/topos.be\/fr\/","name":"TOPOS","description":"Business center Bruxelles \u2013 Bureaux \u00e0 louer","potentialAction":[{"@type":"SearchAction","target":{"@type":"EntryPoint","urlTemplate":"https:\/\/topos.be\/fr\/?s={search_term_string}"},"query-input":{"@type":"PropertyValueSpecification","valueRequired":true,"valueName":"search_term_string"}}],"inLanguage":"fr-FR"}]}},"_links":{"self":[{"href":"https:\/\/topos.be\/fr\/wp-json\/wp\/v2\/pages\/21","targetHints":{"allow":["GET"]}}],"collection":[{"href":"https:\/\/topos.be\/fr\/wp-json\/wp\/v2\/pages"}],"about":[{"href":"https:\/\/topos.be\/fr\/wp-json\/wp\/v2\/types\/page"}],"author":[{"embeddable":true,"href":"https:\/\/topos.be\/fr\/wp-json\/wp\/v2\/users\/1"}],"replies":[{"embeddable":true,"href":"https:\/\/topos.be\/fr\/wp-json\/wp\/v2\/comments?post=21"}],"version-history":[{"count":0,"href":"https:\/\/topos.be\/fr\/wp-json\/wp\/v2\/pages\/21\/revisions"}],"wp:attachment":[{"href":"https:\/\/topos.be\/fr\/wp-json\/wp\/v2\/media?parent=21"}],"curies":[{"name":"wp","href":"https:\/\/api.w.org\/{rel}","templated":true}]}}