{"id":421,"date":"2019-08-21T16:55:43","date_gmt":"2019-08-21T14:55:43","guid":{"rendered":"https:\/\/topos.be\/?page_id=421"},"modified":"2024-01-18T13:33:20","modified_gmt":"2024-01-18T12:33:20","slug":"avantages","status":"publish","type":"page","link":"https:\/\/topos.be\/fr\/coworking-bruxelles\/avantages\/","title":{"rendered":"11 excellentes raisons de louer votre bureau chez TOPOS"},"content":{"rendered":"\n<h2 class=\"wp-block-heading\">Une exp\u00e9rience de plus de 40 ans<\/h2>\n\n\n\n<p>Une expertise mise au service du client depuis de nombreuses ann\u00e9es garantit un service de qualit\u00e9 et une adaptation permanente des services aux besoins des clients.<\/p>\n\n\n\n<h2 class=\"wp-block-heading\">Luxe et prestige \u00e0 dimension humaine<\/h2>\n\n\n\n<p>Nos centres d\u2019affaires et de coworking sont install\u00e9s dans des b\u00e2timents de standing. Ce sont des h\u00f4tels de ma\u00eetres datant du d\u00e9but du XXi\u00e8me si\u00e8cle et charg\u00e9s d\u2019histoire. Ils sont dot\u00e9s d\u2019un raffinement architectural ind\u00e9niable que nous mettons en valeur \u00e0 notre mani\u00e8re. Nous offrons ainsi une adresse prestigieuse \u00e0 nos membres et clients. Nos immeubles sont \u00e0 dimension humaine. Nos clients se sentent et sont chez eux.<\/p>\n\n\n\n<h2 class=\"wp-block-heading\">Quatre localisations strat\u00e9giques<\/h2>\n\n\n\n<p>Les espaces de travail TOPOS sont situ\u00e9s dans les quartiers d\u2019affaires de Bruxelles. De plus, ils sont excellement desservis par les transports en commun.&nbsp;<\/p>\n\n\n\n<p>Que vous soyez sur notre site de Louise, de Parlement, de Schuman ou de Merode, vous rejoignez le centre-ville ou l\u2019une des principales stations de m\u00e9tro en 15 minutes maximum.&nbsp;<\/p>\n\n\n\n<h2 class=\"wp-block-heading\">Tarification flexible et transparente<\/h2>\n\n\n\n<p>Chez TOPOS, vous b\u00e9n\u00e9ficiez d\u2019une tarification transparente. Nos formules de coworking et de bureaux \u00e9quip\u00e9s sont tout-inclus et tr\u00e8s flexibles&nbsp;: \u00e0 l\u2019heure, \u00e0 la journ\u00e9e ou plus. Vous n\u2019avez pas \u00e0 d\u00e9bourser un centime en frais d\u2019installation et vous payez seulement pour le service que vous avez choisi. De plus, pour la domiciliation et l\u2019adresse commerciale, c\u2019est vous qui choisissez la fr\u00e9quence de facturation&nbsp;: mensuelle, trimestrielle, semestrielle ou annuelle (selon le contrat). Ainsi, vous ma\u00eetrisez vos co\u00fbts.<\/p>\n\n\n\n<h2 class=\"wp-block-heading\">Equipements haut-de-gamme<\/h2>\n\n\n\n<p>Choisir TOPOS c\u2019est avoir l\u2019assurance de b\u00e9n\u00e9ficier d\u2019outils de travail de haute qualit\u00e9. Toutes nos salles de r\u00e9union sont \u00e9quip\u00e9es d\u2019\u00e9crans interactifs et de flip-charts et une imprimante multifonctions est mise \u00e0 disposition. De m\u00eame, la cuisine de chaque espace de travail est enti\u00e8rement \u00e9quip\u00e9e pour que vous profitiez pleinement de vos moments de pauses.<\/p>\n\n\n\n<h2 class=\"wp-block-heading\">Confort et \u00e9l\u00e9gance<\/h2>\n\n\n\n<p>Votre environnement de travail influence votre productivit\u00e9. C\u2019est pourquoi TOPOS vous propose un cadre de travail spacieux, confortable et \u00e9l\u00e9gant. Dans nos centres d\u2019affaires et de coworking, vous b\u00e9n\u00e9ficiez d\u2019un mobilier design et ergonomique, la lumi\u00e8re y est naturelle et tamis\u00e9e, les peintures murales sont apaisantes. De plus, de nombreuses salles de discussion et de travail sont insonoris\u00e9es afin de vous assurer une plus grande tranquillit\u00e9 et une totale discr\u00e9tion.<\/p>\n\n\n\n<h2 class=\"wp-block-heading\">Nos \u00e9v\u00e9nements<\/h2>\n\n\n\n<p>Nous organisons r\u00e9guli\u00e8rement diff\u00e9rents \u00e9v\u00e9nements conviviaux au sein de chacun de nos centres. C\u2019est une opportunit\u00e9 d\u2019\u00e9tendre votre r\u00e9seau, de cr\u00e9er des synergies int\u00e9ressantes et de d\u00e9velopper de fructueux partenariats avec des acteurs de l\u2019IT, du lobbying, de l\u2019import-export, de la politique, des cabinets d\u2019avocats et de bien d\u2019autres secteurs d\u2019activit\u00e9.<\/p>\n\n\n\n<p>L\u2019\u00e9cosyst\u00e8me est tr\u00e8s diversifi\u00e9 au sein des centres d\u2019affaires et de coworking Topos.<\/p>\n\n\n\n<h2 class=\"wp-block-heading\">Une \u00e9quipe professionnelle et multilingue \u00e0 votre service &#8211; une relation privil\u00e9gi\u00e9e<\/h2>\n\n\n\n<p>Le personnel de TOPOS est \u00e0 votre disposition pendant les heures de bureau. Nous r\u00e9ceptionnons \/ transf\u00e9rons votre courrier, vos colis et vos appels selon vos instructions&nbsp;; nous accueillons et installons tous vos visiteurs dans nos salons et salles de r\u00e9union,&nbsp; et ce en fran\u00e7ais, anglais, n\u00e9erlandais, grec, arabe, espagnol, roumain et italien. Plus de 8 langues parl\u00e9es\u2026<\/p>\n\n\n\n<p>Vous avez besoin d\u2019aide&nbsp;? vous rencontrez un souci&nbsp;? Gr\u00e2ce \u00e0 la r\u00e9activit\u00e9 de nos \u00e9quipes, une r\u00e9ponse vous est apport\u00e9e dans les plus brefs d\u00e9lais.&nbsp;<\/p>\n\n\n\n<p>La relation client est primordiale pour TOPOS. Nous connaissons tr\u00e8s bien tous nos clients&nbsp;: leurs besoins, leurs sp\u00e9cificit\u00e9s, leurs go\u00fbts et hobbies\u2026 Ainsi, nous les chouchoutons au -del\u00e0 de leurs attentes.<\/p>\n\n\n\n<h2 class=\"wp-block-heading\">Un r\u00e9seau \u00e9tendu<\/h2>\n\n\n\n<p>Avec ses quatre centres d\u2019affaires et de coworking, TOPOS vous donne la possibilit\u00e9 de travailler partout \u00e0 Bruxelles. En adh\u00e9rant \u00e0 l\u2019un de nos centres d\u2019affaires et de coworking, vous pouvez librement profiter des infrastructures de tous les autres. Ainsi, vous pouvez organiser une r\u00e9union le matin \u00e0 TOPOS Schuman par exemple, puis travailler en coworking \u00e0 TOPOS M\u00e9rode, Topos Parlement ou \u00e0 TOPOS Louise dans l\u2019apr\u00e8s-midi.  <\/p>\n\n\n\n<p>Vous \u00eates chez vous dans le r\u00e9seau TOPOS.<\/p>\n\n\n\n<h2 class=\"wp-block-heading\">Nature et convivialit\u00e9<\/h2>\n\n\n\n<p>Les centres d\u2019affaires et de coworking TOPOS vous offrent un cadre convivial pour travailler et pour vous relaxer pendant vos pauses\u00a0: Terrasse sur le toit de l\u2019espace TOPOS Louise, jardins verdoyants \u00e0 TOPOS Schuman et TOPOS M\u00e9rode, une salle de sport \u00e0 TOPOS Parlement. Des cadres environnementaux pour tous les go\u00fbts.\u00a0<\/p>\n\n\n\n<p>Feel home@work est une autre devise des centres TOPOS.<\/p>\n\n\n\n<h3 class=\"wp-block-heading\">Les 5 avantages r\u00e9sumant les centres d\u2019affaires et de coworking TOPOS<\/h3>\n\n\n\n<ul class=\"wp-block-list\">\n<li>Une niche dans le secteur&nbsp;: des h\u00f4tels de ma\u00eetre de standing<\/li>\n\n\n\n<li>Un luxe abordable<\/li>\n\n\n\n<li>Une expertise av\u00e9r\u00e9e&nbsp;: plus de 40 ans d\u2019existence dans le secteur<\/li>\n\n\n\n<li>Une dimension humaine des espaces<\/li>\n\n\n\n<li>Une v\u00e9ritable relation client<\/li>\n<\/ul>\n","protected":false},"excerpt":{"rendered":"<p>Une exp\u00e9rience de plus de 40 ans Une expertise mise au service du client depuis de nombreuses ann\u00e9es garantit un service de qualit\u00e9 et une adaptation permanente des services aux besoins des clients. Luxe et prestige \u00e0 dimension humaine Nos centres d\u2019affaires et de coworking sont install\u00e9s dans des b\u00e2timents de standing. Ce sont des&hellip;<\/p>\n","protected":false},"author":1,"featured_media":0,"parent":68,"menu_order":0,"comment_status":"closed","ping_status":"closed","template":"","meta":{"_acf_changed":false,"footnotes":""},"class_list":["post-421","page","type-page","status-publish","hentry"],"acf":[],"yoast_head":"<!-- This site is optimized with the Yoast SEO plugin v26.2 - https:\/\/yoast.com\/wordpress\/plugins\/seo\/ -->\n<title>11 excellentes raisons de louer votre bureau chez TOPOS - TOPOS<\/title>\n<meta name=\"robots\" content=\"index, follow, max-snippet:-1, max-image-preview:large, max-video-preview:-1\" \/>\n<link rel=\"canonical\" href=\"https:\/\/topos.be\/fr\/coworking-bruxelles\/avantages\/\" \/>\n<meta property=\"og:locale\" content=\"fr_FR\" \/>\n<meta property=\"og:type\" content=\"article\" \/>\n<meta property=\"og:title\" content=\"11 excellentes raisons de louer votre bureau chez TOPOS - TOPOS\" \/>\n<meta property=\"og:description\" content=\"Une exp\u00e9rience de plus de 40 ans Une expertise mise au service du client depuis de nombreuses ann\u00e9es garantit un service de qualit\u00e9 et une adaptation permanente des services aux besoins des clients. Luxe et prestige \u00e0 dimension humaine Nos centres d\u2019affaires et de coworking sont install\u00e9s dans des b\u00e2timents de standing. Ce sont des&hellip;\" \/>\n<meta property=\"og:url\" content=\"https:\/\/topos.be\/fr\/coworking-bruxelles\/avantages\/\" \/>\n<meta property=\"og:site_name\" content=\"TOPOS\" \/>\n<meta property=\"article:publisher\" content=\"https:\/\/www.facebook.com\/TOPOS-221420354663261\/?fref=ts\" \/>\n<meta property=\"article:modified_time\" content=\"2024-01-18T12:33:20+00:00\" \/>\n<meta name=\"twitter:card\" content=\"summary_large_image\" \/>\n<meta name=\"twitter:site\" content=\"@ToposBe\" \/>\n<meta name=\"twitter:label1\" content=\"Dur\u00e9e de lecture estim\u00e9e\" \/>\n\t<meta name=\"twitter:data1\" content=\"4 minutes\" \/>\n<script type=\"application\/ld+json\" class=\"yoast-schema-graph\">{\"@context\":\"https:\/\/schema.org\",\"@graph\":[{\"@type\":\"WebPage\",\"@id\":\"https:\/\/topos.be\/fr\/coworking-bruxelles\/avantages\/\",\"url\":\"https:\/\/topos.be\/fr\/coworking-bruxelles\/avantages\/\",\"name\":\"11 excellentes raisons de louer votre bureau chez TOPOS - TOPOS\",\"isPartOf\":{\"@id\":\"https:\/\/topos.be\/fr\/#website\"},\"datePublished\":\"2019-08-21T14:55:43+00:00\",\"dateModified\":\"2024-01-18T12:33:20+00:00\",\"breadcrumb\":{\"@id\":\"https:\/\/topos.be\/fr\/coworking-bruxelles\/avantages\/#breadcrumb\"},\"inLanguage\":\"fr-FR\",\"potentialAction\":[{\"@type\":\"ReadAction\",\"target\":[\"https:\/\/topos.be\/fr\/coworking-bruxelles\/avantages\/\"]}]},{\"@type\":\"BreadcrumbList\",\"@id\":\"https:\/\/topos.be\/fr\/coworking-bruxelles\/avantages\/#breadcrumb\",\"itemListElement\":[{\"@type\":\"ListItem\",\"position\":1,\"name\":\"Accueil\",\"item\":\"https:\/\/topos.be\/fr\/\"},{\"@type\":\"ListItem\",\"position\":2,\"name\":\"TOPOS\",\"item\":\"https:\/\/topos.be\/fr\/coworking-bruxelles\/\"},{\"@type\":\"ListItem\",\"position\":3,\"name\":\"11 excellentes raisons de louer votre bureau chez TOPOS\"}]},{\"@type\":\"WebSite\",\"@id\":\"https:\/\/topos.be\/fr\/#website\",\"url\":\"https:\/\/topos.be\/fr\/\",\"name\":\"TOPOS\",\"description\":\"Business center Bruxelles \u2013 Bureaux \u00e0 louer\",\"potentialAction\":[{\"@type\":\"SearchAction\",\"target\":{\"@type\":\"EntryPoint\",\"urlTemplate\":\"https:\/\/topos.be\/fr\/?s={search_term_string}\"},\"query-input\":{\"@type\":\"PropertyValueSpecification\",\"valueRequired\":true,\"valueName\":\"search_term_string\"}}],\"inLanguage\":\"fr-FR\"}]}<\/script>\n<!-- \/ Yoast SEO plugin. -->","yoast_head_json":{"title":"11 excellentes raisons de louer votre bureau chez TOPOS - TOPOS","robots":{"index":"index","follow":"follow","max-snippet":"max-snippet:-1","max-image-preview":"max-image-preview:large","max-video-preview":"max-video-preview:-1"},"canonical":"https:\/\/topos.be\/fr\/coworking-bruxelles\/avantages\/","og_locale":"fr_FR","og_type":"article","og_title":"11 excellentes raisons de louer votre bureau chez TOPOS - TOPOS","og_description":"Une exp\u00e9rience de plus de 40 ans Une expertise mise au service du client depuis de nombreuses ann\u00e9es garantit un service de qualit\u00e9 et une adaptation permanente des services aux besoins des clients. Luxe et prestige \u00e0 dimension humaine Nos centres d\u2019affaires et de coworking sont install\u00e9s dans des b\u00e2timents de standing. Ce sont des&hellip;","og_url":"https:\/\/topos.be\/fr\/coworking-bruxelles\/avantages\/","og_site_name":"TOPOS","article_publisher":"https:\/\/www.facebook.com\/TOPOS-221420354663261\/?fref=ts","article_modified_time":"2024-01-18T12:33:20+00:00","twitter_card":"summary_large_image","twitter_site":"@ToposBe","twitter_misc":{"Dur\u00e9e de lecture estim\u00e9e":"4 minutes"},"schema":{"@context":"https:\/\/schema.org","@graph":[{"@type":"WebPage","@id":"https:\/\/topos.be\/fr\/coworking-bruxelles\/avantages\/","url":"https:\/\/topos.be\/fr\/coworking-bruxelles\/avantages\/","name":"11 excellentes raisons de louer votre bureau chez TOPOS - TOPOS","isPartOf":{"@id":"https:\/\/topos.be\/fr\/#website"},"datePublished":"2019-08-21T14:55:43+00:00","dateModified":"2024-01-18T12:33:20+00:00","breadcrumb":{"@id":"https:\/\/topos.be\/fr\/coworking-bruxelles\/avantages\/#breadcrumb"},"inLanguage":"fr-FR","potentialAction":[{"@type":"ReadAction","target":["https:\/\/topos.be\/fr\/coworking-bruxelles\/avantages\/"]}]},{"@type":"BreadcrumbList","@id":"https:\/\/topos.be\/fr\/coworking-bruxelles\/avantages\/#breadcrumb","itemListElement":[{"@type":"ListItem","position":1,"name":"Accueil","item":"https:\/\/topos.be\/fr\/"},{"@type":"ListItem","position":2,"name":"TOPOS","item":"https:\/\/topos.be\/fr\/coworking-bruxelles\/"},{"@type":"ListItem","position":3,"name":"11 excellentes raisons de louer votre bureau chez TOPOS"}]},{"@type":"WebSite","@id":"https:\/\/topos.be\/fr\/#website","url":"https:\/\/topos.be\/fr\/","name":"TOPOS","description":"Business center Bruxelles \u2013 Bureaux \u00e0 louer","potentialAction":[{"@type":"SearchAction","target":{"@type":"EntryPoint","urlTemplate":"https:\/\/topos.be\/fr\/?s={search_term_string}"},"query-input":{"@type":"PropertyValueSpecification","valueRequired":true,"valueName":"search_term_string"}}],"inLanguage":"fr-FR"}]}},"_links":{"self":[{"href":"https:\/\/topos.be\/fr\/wp-json\/wp\/v2\/pages\/421","targetHints":{"allow":["GET"]}}],"collection":[{"href":"https:\/\/topos.be\/fr\/wp-json\/wp\/v2\/pages"}],"about":[{"href":"https:\/\/topos.be\/fr\/wp-json\/wp\/v2\/types\/page"}],"author":[{"embeddable":true,"href":"https:\/\/topos.be\/fr\/wp-json\/wp\/v2\/users\/1"}],"replies":[{"embeddable":true,"href":"https:\/\/topos.be\/fr\/wp-json\/wp\/v2\/comments?post=421"}],"version-history":[{"count":3,"href":"https:\/\/topos.be\/fr\/wp-json\/wp\/v2\/pages\/421\/revisions"}],"predecessor-version":[{"id":9370,"href":"https:\/\/topos.be\/fr\/wp-json\/wp\/v2\/pages\/421\/revisions\/9370"}],"up":[{"embeddable":true,"href":"https:\/\/topos.be\/fr\/wp-json\/wp\/v2\/pages\/68"}],"wp:attachment":[{"href":"https:\/\/topos.be\/fr\/wp-json\/wp\/v2\/media?parent=421"}],"curies":[{"name":"wp","href":"https:\/\/api.w.org\/{rel}","templated":true}]}}