{"id":68,"date":"2019-07-25T09:46:22","date_gmt":"2019-07-25T07:46:22","guid":{"rendered":"https:\/\/topos.be\/?page_id=68"},"modified":"2022-07-26T10:26:34","modified_gmt":"2022-07-26T08:26:34","slug":"coworking-bruxelles","status":"publish","type":"page","link":"https:\/\/topos.be\/fr\/coworking-bruxelles\/","title":{"rendered":"TOPOS"},"content":{"rendered":"\n<p>TOPOS dispose d&rsquo;une exp\u00e9rience de plus de 40 ans dans le monde des bureaux \u00e9quip\u00e9s.<\/p>\n\n\n\n<p>Notre sp\u00e9cificit\u00e9 ? Chacun de nos centres d&rsquo;affaires se situe dans un <strong>h\u00f4tel de ma\u00eetre <\/strong>enti\u00e8rement r\u00e9nov\u00e9 \u00e0 dimension humaine : les immeubles ont une superficie de maximum 1 200m\u00b2.&nbsp;<\/p>\n\n\n\n<p>Le client est toujours plac\u00e9 au centre de nos pr\u00e9occupations&nbsp;: nous instaurons une relation privil\u00e9gi\u00e9e afin de connaitre nos clients, leurs sp\u00e9cificit\u00e9s et leurs attentes. Gr\u00e2ce \u00e0 cela, nous sommes en mesure de proposer un service personnalis\u00e9 et sur-mesure. <\/p>\n\n\n\n<p><\/p>\n\n\n\n<ul class=\"topos-core-pros wp-block-list\"><li class=\"tcp-experience\">\n\t\t<span class=\"icn\"><svg class=\"icon-tag\"><use xlink:href=\"\/wp-content\/themes\/topos2019\/assets\/img\/icons.svg#icon-tag\"><\/use><\/svg><\/span>\n\t\tUne expertise de plus de 40 ans dans les bureaux \u00e9quip\u00e9s et de 10 ans dans le domaine du coworking\n\t<\/li><li class=\"tcp-mansions\">\n\t\t<span class=\"icn\"><svg class=\"icon-building\"><use xlink:href=\"\/wp-content\/themes\/topos2019\/assets\/img\/icons.svg#icon-building\"><\/use><\/svg><\/span>\n\t\tUne niche dans le secteur&nbsp;: des h\u00f4tels de ma\u00eetre\n\t<\/li><li class=\"tcp-human\">\n\t\t<span class=\"icn\"><svg class=\"icon-team\"><use xlink:href=\"\/wp-content\/themes\/topos2019\/assets\/img\/icons.svg#icon-team\"><\/use><\/svg><\/span>\n\t\tUne dimension humaine des espaces qui favorise l\u2019\u00e9change donne une image familiale professionnelle\n\t<\/li><li class=\"tcp-relation\">\n\t\t<span class=\"icn\"><svg class=\"icon-customer-support\"><use xlink:href=\"\/wp-content\/themes\/topos2019\/assets\/img\/icons.svg#icon-customer-support\"><\/use><\/svg><\/span>\n\t\tUne relation client privil\u00e9gi\u00e9e&nbsp;: nous connaissons tous nos clients et r\u00e9pondons \u00e0 toutes leurs attentes\n\t<\/li><\/ul>\n","protected":false},"excerpt":{"rendered":"<p>TOPOS dispose d&rsquo;une exp\u00e9rience de plus de 40 ans dans le monde des bureaux \u00e9quip\u00e9s. Notre sp\u00e9cificit\u00e9 ? Chacun de nos centres d&rsquo;affaires se situe dans un h\u00f4tel de ma\u00eetre enti\u00e8rement r\u00e9nov\u00e9 \u00e0 dimension humaine : les immeubles ont une superficie de maximum 1 200m\u00b2.&nbsp; Le client est toujours plac\u00e9 au centre de nos pr\u00e9occupations&nbsp;:&hellip;<\/p>\n","protected":false},"author":1,"featured_media":0,"parent":0,"menu_order":2,"comment_status":"closed","ping_status":"closed","template":"","meta":{"_acf_changed":false,"footnotes":""},"class_list":["post-68","page","type-page","status-publish","hentry"],"acf":[],"yoast_head":"<!-- This site is optimized with the Yoast SEO plugin v26.2 - https:\/\/yoast.com\/wordpress\/plugins\/seo\/ -->\n<title>Pionnier des centres d&#039;affaires depuis plus de 40 ans - TOPOS<\/title>\n<meta name=\"robots\" content=\"index, follow, max-snippet:-1, max-image-preview:large, max-video-preview:-1\" \/>\n<link rel=\"canonical\" href=\"https:\/\/topos.be\/fr\/coworking-bruxelles\/\" \/>\n<meta property=\"og:locale\" content=\"fr_FR\" \/>\n<meta property=\"og:type\" content=\"article\" \/>\n<meta property=\"og:title\" content=\"Pionnier des centres d&#039;affaires depuis plus de 40 ans - TOPOS\" \/>\n<meta property=\"og:description\" content=\"TOPOS dispose d&rsquo;une exp\u00e9rience de plus de 40 ans dans le monde des bureaux \u00e9quip\u00e9s. Notre sp\u00e9cificit\u00e9 ? Chacun de nos centres d&rsquo;affaires se situe dans un h\u00f4tel de ma\u00eetre enti\u00e8rement r\u00e9nov\u00e9 \u00e0 dimension humaine : les immeubles ont une superficie de maximum 1 200m\u00b2.&nbsp; Le client est toujours plac\u00e9 au centre de nos pr\u00e9occupations&nbsp;:&hellip;\" \/>\n<meta property=\"og:url\" content=\"https:\/\/topos.be\/fr\/coworking-bruxelles\/\" \/>\n<meta property=\"og:site_name\" content=\"TOPOS\" \/>\n<meta property=\"article:publisher\" content=\"https:\/\/www.facebook.com\/TOPOS-221420354663261\/?fref=ts\" \/>\n<meta property=\"article:modified_time\" content=\"2022-07-26T08:26:34+00:00\" \/>\n<meta name=\"twitter:card\" content=\"summary_large_image\" \/>\n<meta name=\"twitter:site\" content=\"@ToposBe\" \/>\n<meta name=\"twitter:label1\" content=\"Dur\u00e9e de lecture estim\u00e9e\" \/>\n\t<meta name=\"twitter:data1\" content=\"1 minute\" \/>\n<script type=\"application\/ld+json\" class=\"yoast-schema-graph\">{\"@context\":\"https:\/\/schema.org\",\"@graph\":[{\"@type\":\"WebPage\",\"@id\":\"https:\/\/topos.be\/fr\/coworking-bruxelles\/\",\"url\":\"https:\/\/topos.be\/fr\/coworking-bruxelles\/\",\"name\":\"Pionnier des centres d'affaires depuis plus de 40 ans - TOPOS\",\"isPartOf\":{\"@id\":\"https:\/\/topos.be\/fr\/#website\"},\"datePublished\":\"2019-07-25T07:46:22+00:00\",\"dateModified\":\"2022-07-26T08:26:34+00:00\",\"breadcrumb\":{\"@id\":\"https:\/\/topos.be\/fr\/coworking-bruxelles\/#breadcrumb\"},\"inLanguage\":\"fr-FR\",\"potentialAction\":[{\"@type\":\"ReadAction\",\"target\":[\"https:\/\/topos.be\/fr\/coworking-bruxelles\/\"]}]},{\"@type\":\"BreadcrumbList\",\"@id\":\"https:\/\/topos.be\/fr\/coworking-bruxelles\/#breadcrumb\",\"itemListElement\":[{\"@type\":\"ListItem\",\"position\":1,\"name\":\"Accueil\",\"item\":\"https:\/\/topos.be\/fr\/\"},{\"@type\":\"ListItem\",\"position\":2,\"name\":\"TOPOS\"}]},{\"@type\":\"WebSite\",\"@id\":\"https:\/\/topos.be\/fr\/#website\",\"url\":\"https:\/\/topos.be\/fr\/\",\"name\":\"TOPOS\",\"description\":\"Business center Bruxelles \u2013 Bureaux \u00e0 louer\",\"potentialAction\":[{\"@type\":\"SearchAction\",\"target\":{\"@type\":\"EntryPoint\",\"urlTemplate\":\"https:\/\/topos.be\/fr\/?s={search_term_string}\"},\"query-input\":{\"@type\":\"PropertyValueSpecification\",\"valueRequired\":true,\"valueName\":\"search_term_string\"}}],\"inLanguage\":\"fr-FR\"}]}<\/script>\n<!-- \/ Yoast SEO plugin. -->","yoast_head_json":{"title":"Pionnier des centres d'affaires depuis plus de 40 ans - TOPOS","robots":{"index":"index","follow":"follow","max-snippet":"max-snippet:-1","max-image-preview":"max-image-preview:large","max-video-preview":"max-video-preview:-1"},"canonical":"https:\/\/topos.be\/fr\/coworking-bruxelles\/","og_locale":"fr_FR","og_type":"article","og_title":"Pionnier des centres d'affaires depuis plus de 40 ans - TOPOS","og_description":"TOPOS dispose d&rsquo;une exp\u00e9rience de plus de 40 ans dans le monde des bureaux \u00e9quip\u00e9s. Notre sp\u00e9cificit\u00e9 ? Chacun de nos centres d&rsquo;affaires se situe dans un h\u00f4tel de ma\u00eetre enti\u00e8rement r\u00e9nov\u00e9 \u00e0 dimension humaine : les immeubles ont une superficie de maximum 1 200m\u00b2.&nbsp; Le client est toujours plac\u00e9 au centre de nos pr\u00e9occupations&nbsp;:&hellip;","og_url":"https:\/\/topos.be\/fr\/coworking-bruxelles\/","og_site_name":"TOPOS","article_publisher":"https:\/\/www.facebook.com\/TOPOS-221420354663261\/?fref=ts","article_modified_time":"2022-07-26T08:26:34+00:00","twitter_card":"summary_large_image","twitter_site":"@ToposBe","twitter_misc":{"Dur\u00e9e de lecture estim\u00e9e":"1 minute"},"schema":{"@context":"https:\/\/schema.org","@graph":[{"@type":"WebPage","@id":"https:\/\/topos.be\/fr\/coworking-bruxelles\/","url":"https:\/\/topos.be\/fr\/coworking-bruxelles\/","name":"Pionnier des centres d'affaires depuis plus de 40 ans - TOPOS","isPartOf":{"@id":"https:\/\/topos.be\/fr\/#website"},"datePublished":"2019-07-25T07:46:22+00:00","dateModified":"2022-07-26T08:26:34+00:00","breadcrumb":{"@id":"https:\/\/topos.be\/fr\/coworking-bruxelles\/#breadcrumb"},"inLanguage":"fr-FR","potentialAction":[{"@type":"ReadAction","target":["https:\/\/topos.be\/fr\/coworking-bruxelles\/"]}]},{"@type":"BreadcrumbList","@id":"https:\/\/topos.be\/fr\/coworking-bruxelles\/#breadcrumb","itemListElement":[{"@type":"ListItem","position":1,"name":"Accueil","item":"https:\/\/topos.be\/fr\/"},{"@type":"ListItem","position":2,"name":"TOPOS"}]},{"@type":"WebSite","@id":"https:\/\/topos.be\/fr\/#website","url":"https:\/\/topos.be\/fr\/","name":"TOPOS","description":"Business center Bruxelles \u2013 Bureaux \u00e0 louer","potentialAction":[{"@type":"SearchAction","target":{"@type":"EntryPoint","urlTemplate":"https:\/\/topos.be\/fr\/?s={search_term_string}"},"query-input":{"@type":"PropertyValueSpecification","valueRequired":true,"valueName":"search_term_string"}}],"inLanguage":"fr-FR"}]}},"_links":{"self":[{"href":"https:\/\/topos.be\/fr\/wp-json\/wp\/v2\/pages\/68","targetHints":{"allow":["GET"]}}],"collection":[{"href":"https:\/\/topos.be\/fr\/wp-json\/wp\/v2\/pages"}],"about":[{"href":"https:\/\/topos.be\/fr\/wp-json\/wp\/v2\/types\/page"}],"author":[{"embeddable":true,"href":"https:\/\/topos.be\/fr\/wp-json\/wp\/v2\/users\/1"}],"replies":[{"embeddable":true,"href":"https:\/\/topos.be\/fr\/wp-json\/wp\/v2\/comments?post=68"}],"version-history":[{"count":0,"href":"https:\/\/topos.be\/fr\/wp-json\/wp\/v2\/pages\/68\/revisions"}],"wp:attachment":[{"href":"https:\/\/topos.be\/fr\/wp-json\/wp\/v2\/media?parent=68"}],"curies":[{"name":"wp","href":"https:\/\/api.w.org\/{rel}","templated":true}]}}