{"id":70,"date":"2019-07-25T09:49:31","date_gmt":"2019-07-25T07:49:31","guid":{"rendered":"https:\/\/topos.be\/?page_id=70"},"modified":"2019-10-15T11:33:54","modified_gmt":"2019-10-15T09:33:54","slug":"contact","status":"publish","type":"page","link":"https:\/\/topos.be\/fr\/contact\/","title":{"rendered":"Contactez-nous"},"content":{"rendered":"\n<div class=\"form underlined-form\">\n\n<div class=\"wpcf7 no-js\" id=\"wpcf7-f78-o1\" lang=\"fr-FR\" dir=\"ltr\" data-wpcf7-id=\"78\">\n<div class=\"screen-reader-response\"><p role=\"status\" aria-live=\"polite\" aria-atomic=\"true\"><\/p> <ul><\/ul><\/div>\n<form action=\"\/fr\/wp-json\/wp\/v2\/pages\/70#wpcf7-f78-o1\" method=\"post\" class=\"wpcf7-form init\" aria-label=\"Formulaire de contact\" novalidate=\"novalidate\" data-status=\"init\">\n<fieldset class=\"hidden-fields-container\"><input type=\"hidden\" name=\"_wpcf7\" value=\"78\" \/><input type=\"hidden\" name=\"_wpcf7_version\" value=\"6.1.2\" \/><input type=\"hidden\" name=\"_wpcf7_locale\" value=\"fr_FR\" \/><input type=\"hidden\" name=\"_wpcf7_unit_tag\" value=\"wpcf7-f78-o1\" \/><input type=\"hidden\" name=\"_wpcf7_container_post\" value=\"0\" \/><input type=\"hidden\" name=\"_wpcf7_posted_data_hash\" value=\"\" \/>\n<\/fieldset>\n<div class=\"row row-xxld\">\n\t<div class=\"col-6\">\n\t\t<div class=\"input text\">\n\t\t\t<p><label for=\"firstname\"><svg class=\"icon-person-neutral\"><use xlink:href=\"https:\/\/topos.be\/wp-content\/themes\/topos2019\/assets\/img\/icons.svg#icon-person-neutral\"><\/use><\/svg> Pr\u00e9nom<\/label><br \/>\n<span class=\"wpcf7-form-control-wrap\" data-name=\"firstname\"><input size=\"40\" maxlength=\"400\" class=\"wpcf7-form-control wpcf7-text wpcf7-validates-as-required\" id=\"firstname\" aria-required=\"true\" aria-invalid=\"false\" value=\"\" type=\"text\" name=\"firstname\" \/><\/span>\n\t\t\t<\/p>\n\t\t<\/div>\n\t<\/div>\n\t<div class=\"col-6\">\n\t\t<div class=\"input text\">\n\t\t\t<p><label for=\"lastname\"><svg class=\"icon-person-neutral\"><use xlink:href=\"https:\/\/topos.be\/wp-content\/themes\/topos2019\/assets\/img\/icons.svg#icon-person-neutral\"><\/use><\/svg> Nom<\/label><br \/>\n<span class=\"wpcf7-form-control-wrap\" data-name=\"lastname\"><input size=\"40\" maxlength=\"400\" class=\"wpcf7-form-control wpcf7-text wpcf7-validates-as-required\" id=\"lastname\" aria-required=\"true\" aria-invalid=\"false\" value=\"\" type=\"text\" name=\"lastname\" \/><\/span>\n\t\t\t<\/p>\n\t\t<\/div>\n\t<\/div>\n<\/div>\n<div class=\"row row-xxld\">\n\t<div class=\"col-6\">\n\t\t<div class=\"input email\">\n\t\t\t<p><label for=\"email\"><svg class=\"icon-envelope\"><use xlink:href=\"https:\/\/topos.be\/wp-content\/themes\/topos2019\/assets\/img\/icons.svg#icon-envelope\"><\/use><\/svg> Adresse e-mail<\/label><br \/>\n<span class=\"wpcf7-form-control-wrap\" data-name=\"email\"><input size=\"40\" maxlength=\"400\" class=\"wpcf7-form-control wpcf7-email wpcf7-validates-as-required wpcf7-text wpcf7-validates-as-email\" id=\"email\" aria-required=\"true\" aria-invalid=\"false\" value=\"\" type=\"email\" name=\"email\" \/><\/span>\n\t\t\t<\/p>\n\t\t<\/div>\n\t<\/div>\n\t<div class=\"col-6\">\n\t\t<div class=\"input tel\">\n\t\t\t<p><label for=\"phone\"><svg class=\"icon-mobile-phone\"><use xlink:href=\"https:\/\/topos.be\/wp-content\/themes\/topos2019\/assets\/img\/icons.svg#icon-mobile-phone\"><\/use><\/svg> Num\u00e9ro de t\u00e9l\u00e9phone<\/label><br \/>\n<span class=\"wpcf7-form-control-wrap\" data-name=\"phone\"><input size=\"40\" maxlength=\"400\" class=\"wpcf7-form-control wpcf7-tel wpcf7-validates-as-required wpcf7-text wpcf7-validates-as-tel\" id=\"phone\" aria-required=\"true\" aria-invalid=\"false\" value=\"\" type=\"tel\" name=\"phone\" \/><\/span>\n\t\t\t<\/p>\n\t\t<\/div>\n\t<\/div>\n<\/div>\n<div class=\"row row-xxld\">\n\t<div class=\"col-6\">\n\t\t<div class=\"input select\">\n\t\t\t<p><label for=\"subject\"><svg class=\"icon-tag\"><use xlink:href=\"https:\/\/topos.be\/wp-content\/themes\/topos2019\/assets\/img\/icons.svg#icon-tag\"><\/use><\/svg> Sujet<\/label><br \/>\n<span class=\"wpcf7-form-control-wrap\" data-name=\"subject\"><select class=\"wpcf7-form-control wpcf7-select wpcf7-validates-as-required\" id=\"subject\" aria-required=\"true\" aria-invalid=\"false\" name=\"subject\"><option value=\"ASK\">Demande d&#039;information(s)<\/option><option value=\"QUOTE\">Offre de prix<\/option><option value=\"VISIT\">Planifier une visite<\/option><option value=\"OTHER\">Autre<\/option><\/select><\/span>\n\t\t\t<\/p>\n\t\t<\/div>\n\t<\/div>\n\t<div class=\"col-6\">\n\t\t<div class=\"input select\">\n\t\t\t<p><label for=\"center\"><svg class=\"icon-building\"><use xlink:href=\"https:\/\/topos.be\/wp-content\/themes\/topos2019\/assets\/img\/icons.svg#icon-building\"><\/use><\/svg> Centre<\/label><br \/>\n<span class=\"wpcf7-form-control-wrap\" data-name=\"center\"><select class=\"wpcf7-form-control wpcf7-select\" id=\"center\" aria-invalid=\"false\" name=\"center\"><option value=\"\">&#8212;Veuillez choisir une option&#8212;<\/option><option value=\"Louise\">Louise<\/option><option value=\"Merode\">Merode<\/option><option value=\"Parlement\">Parlement<\/option><option value=\"Schuman\">Schuman<\/option><\/select><\/span>\n\t\t\t<\/p>\n\t\t<\/div>\n\t<\/div>\n<\/div>\n<div class=\"row row-xxld\">\n\t<div class=\"col-12\">\n\t\t<div class=\"input textarea\">\n\t\t\t<p><label for=\"message\"><svg class=\"icon-pen-write\"><use xlink:href=\"https:\/\/topos.be\/wp-content\/themes\/topos2019\/assets\/img\/icons.svg#icon-pen-write\"><\/use><\/svg> Votre message<\/label><br \/>\n<span class=\"wpcf7-form-control-wrap\" data-name=\"message\"><textarea cols=\"40\" rows=\"10\" maxlength=\"2000\" class=\"wpcf7-form-control wpcf7-textarea\" id=\"message\" aria-invalid=\"false\" name=\"message\"><\/textarea><\/span>\n\t\t\t<\/p>\n\t\t<\/div>\n\t<\/div>\n<\/div>\n<div class=\"submit\">\n\t<p><input class=\"wpcf7-form-control wpcf7-submit has-spinner\" type=\"submit\" value=\"Envoyer\" \/>\n\t<\/p>\n<\/div>\n<div class=\"form-notes\">\n\t<p>Les donn\u00e9es collect\u00e9es \u00e0 l'aide de ce formulaire nous permettent de reprendre contact avec vous suite \u00e0 votre message. Elles ne sont pas transmises \u00e0 des tiers et sont conserv\u00e9es au maximum durant 12 mois. <a href=\"\/fr\/confidentialite\">Politique de confidentialit\u00e9<\/a>\n\t<\/p>\n<\/div><div class=\"wpcf7-response-output\" aria-hidden=\"true\"><\/div>\n<\/form>\n<\/div>\n\n<\/div>\n\n\n\n<p><\/p>\n","protected":false},"excerpt":{"rendered":"","protected":false},"author":1,"featured_media":0,"parent":0,"menu_order":3,"comment_status":"closed","ping_status":"closed","template":"","meta":{"_acf_changed":false,"footnotes":""},"class_list":["post-70","page","type-page","status-publish","hentry"],"acf":[],"yoast_head":"<!-- This site is optimized with the Yoast SEO plugin v26.2 - https:\/\/yoast.com\/wordpress\/plugins\/seo\/ -->\n<title>Des infos sur nos centres d&#039;affaires ? Planifier une visite ? - TOPOS<\/title>\n<meta name=\"description\" content=\"Des questions sur nos centres d&#039;affaires ou sur nos offres ? Planifier une visite ? Envoyez un courriel \u00e0 wework@topos.be ou composez le +32 2 642 00 42.\" \/>\n<meta name=\"robots\" content=\"index, follow, max-snippet:-1, max-image-preview:large, max-video-preview:-1\" \/>\n<link rel=\"canonical\" href=\"https:\/\/topos.be\/fr\/contact\/\" \/>\n<meta property=\"og:locale\" content=\"fr_FR\" \/>\n<meta property=\"og:type\" content=\"article\" \/>\n<meta property=\"og:title\" content=\"Des infos sur nos centres d&#039;affaires ? Planifier une visite ? - TOPOS\" \/>\n<meta property=\"og:description\" content=\"Des questions sur nos centres d&#039;affaires ou sur nos offres ? Planifier une visite ? Envoyez un courriel \u00e0 wework@topos.be ou composez le +32 2 642 00 42.\" \/>\n<meta property=\"og:url\" content=\"https:\/\/topos.be\/fr\/contact\/\" \/>\n<meta property=\"og:site_name\" content=\"TOPOS\" \/>\n<meta property=\"article:publisher\" content=\"https:\/\/www.facebook.com\/TOPOS-221420354663261\/?fref=ts\" \/>\n<meta property=\"article:modified_time\" content=\"2019-10-15T09:33:54+00:00\" \/>\n<meta name=\"twitter:card\" content=\"summary_large_image\" \/>\n<meta name=\"twitter:site\" content=\"@ToposBe\" \/>\n<script type=\"application\/ld+json\" class=\"yoast-schema-graph\">{\"@context\":\"https:\/\/schema.org\",\"@graph\":[{\"@type\":\"WebPage\",\"@id\":\"https:\/\/topos.be\/fr\/contact\/\",\"url\":\"https:\/\/topos.be\/fr\/contact\/\",\"name\":\"Des infos sur nos centres d'affaires ? Planifier une visite ? - TOPOS\",\"isPartOf\":{\"@id\":\"https:\/\/topos.be\/fr\/#website\"},\"datePublished\":\"2019-07-25T07:49:31+00:00\",\"dateModified\":\"2019-10-15T09:33:54+00:00\",\"description\":\"Des questions sur nos centres d'affaires ou sur nos offres ? Planifier une visite ? Envoyez un courriel \u00e0 wework@topos.be ou composez le +32 2 642 00 42.\",\"breadcrumb\":{\"@id\":\"https:\/\/topos.be\/fr\/contact\/#breadcrumb\"},\"inLanguage\":\"fr-FR\",\"potentialAction\":[{\"@type\":\"ReadAction\",\"target\":[\"https:\/\/topos.be\/fr\/contact\/\"]}]},{\"@type\":\"BreadcrumbList\",\"@id\":\"https:\/\/topos.be\/fr\/contact\/#breadcrumb\",\"itemListElement\":[{\"@type\":\"ListItem\",\"position\":1,\"name\":\"Accueil\",\"item\":\"https:\/\/topos.be\/fr\/\"},{\"@type\":\"ListItem\",\"position\":2,\"name\":\"Contactez-nous\"}]},{\"@type\":\"WebSite\",\"@id\":\"https:\/\/topos.be\/fr\/#website\",\"url\":\"https:\/\/topos.be\/fr\/\",\"name\":\"TOPOS\",\"description\":\"Business center Bruxelles \u2013 Bureaux \u00e0 louer\",\"potentialAction\":[{\"@type\":\"SearchAction\",\"target\":{\"@type\":\"EntryPoint\",\"urlTemplate\":\"https:\/\/topos.be\/fr\/?s={search_term_string}\"},\"query-input\":{\"@type\":\"PropertyValueSpecification\",\"valueRequired\":true,\"valueName\":\"search_term_string\"}}],\"inLanguage\":\"fr-FR\"}]}<\/script>\n<!-- \/ Yoast SEO plugin. -->","yoast_head_json":{"title":"Des infos sur nos centres d'affaires ? Planifier une visite ? - TOPOS","description":"Des questions sur nos centres d'affaires ou sur nos offres ? Planifier une visite ? Envoyez un courriel \u00e0 wework@topos.be ou composez le +32 2 642 00 42.","robots":{"index":"index","follow":"follow","max-snippet":"max-snippet:-1","max-image-preview":"max-image-preview:large","max-video-preview":"max-video-preview:-1"},"canonical":"https:\/\/topos.be\/fr\/contact\/","og_locale":"fr_FR","og_type":"article","og_title":"Des infos sur nos centres d'affaires ? Planifier une visite ? - TOPOS","og_description":"Des questions sur nos centres d'affaires ou sur nos offres ? Planifier une visite ? Envoyez un courriel \u00e0 wework@topos.be ou composez le +32 2 642 00 42.","og_url":"https:\/\/topos.be\/fr\/contact\/","og_site_name":"TOPOS","article_publisher":"https:\/\/www.facebook.com\/TOPOS-221420354663261\/?fref=ts","article_modified_time":"2019-10-15T09:33:54+00:00","twitter_card":"summary_large_image","twitter_site":"@ToposBe","schema":{"@context":"https:\/\/schema.org","@graph":[{"@type":"WebPage","@id":"https:\/\/topos.be\/fr\/contact\/","url":"https:\/\/topos.be\/fr\/contact\/","name":"Des infos sur nos centres d'affaires ? Planifier une visite ? - TOPOS","isPartOf":{"@id":"https:\/\/topos.be\/fr\/#website"},"datePublished":"2019-07-25T07:49:31+00:00","dateModified":"2019-10-15T09:33:54+00:00","description":"Des questions sur nos centres d'affaires ou sur nos offres ? Planifier une visite ? Envoyez un courriel \u00e0 wework@topos.be ou composez le +32 2 642 00 42.","breadcrumb":{"@id":"https:\/\/topos.be\/fr\/contact\/#breadcrumb"},"inLanguage":"fr-FR","potentialAction":[{"@type":"ReadAction","target":["https:\/\/topos.be\/fr\/contact\/"]}]},{"@type":"BreadcrumbList","@id":"https:\/\/topos.be\/fr\/contact\/#breadcrumb","itemListElement":[{"@type":"ListItem","position":1,"name":"Accueil","item":"https:\/\/topos.be\/fr\/"},{"@type":"ListItem","position":2,"name":"Contactez-nous"}]},{"@type":"WebSite","@id":"https:\/\/topos.be\/fr\/#website","url":"https:\/\/topos.be\/fr\/","name":"TOPOS","description":"Business center Bruxelles \u2013 Bureaux \u00e0 louer","potentialAction":[{"@type":"SearchAction","target":{"@type":"EntryPoint","urlTemplate":"https:\/\/topos.be\/fr\/?s={search_term_string}"},"query-input":{"@type":"PropertyValueSpecification","valueRequired":true,"valueName":"search_term_string"}}],"inLanguage":"fr-FR"}]}},"_links":{"self":[{"href":"https:\/\/topos.be\/fr\/wp-json\/wp\/v2\/pages\/70","targetHints":{"allow":["GET"]}}],"collection":[{"href":"https:\/\/topos.be\/fr\/wp-json\/wp\/v2\/pages"}],"about":[{"href":"https:\/\/topos.be\/fr\/wp-json\/wp\/v2\/types\/page"}],"author":[{"embeddable":true,"href":"https:\/\/topos.be\/fr\/wp-json\/wp\/v2\/users\/1"}],"replies":[{"embeddable":true,"href":"https:\/\/topos.be\/fr\/wp-json\/wp\/v2\/comments?post=70"}],"version-history":[{"count":0,"href":"https:\/\/topos.be\/fr\/wp-json\/wp\/v2\/pages\/70\/revisions"}],"wp:attachment":[{"href":"https:\/\/topos.be\/fr\/wp-json\/wp\/v2\/media?parent=70"}],"curies":[{"name":"wp","href":"https:\/\/api.w.org\/{rel}","templated":true}]}}